{"id":94,"date":"2020-05-23T06:20:35","date_gmt":"2020-05-23T13:20:35","guid":{"rendered":"https:\/\/stjoseph.winningwebworks.com\/accreditation-updates\/"},"modified":"2025-09-17T07:56:14","modified_gmt":"2025-09-17T14:56:14","slug":"accreditation-updates","status":"publish","type":"page","link":"https:\/\/saintjosephcatholicschool.org\/es\/accreditation-updates\/","title":{"rendered":"Acreditaci\u00f3n"},"content":{"rendered":"<a href=\"https:\/\/saintjosephcatholicschool.org\"  target=\"_self\" itemprop=\"url\">\n\t\t\t\t<img decoding=\"async\" src=\"https:\/\/saintjosephcatholicschool.org\/wp-content\/uploads\/2020\/05\/StJosephBannerWhiteBird.jpg\" alt=\"St. Joseph Banner White Bird\" itemprop=\"image\" height=\"160\" width=\"680\" title=\"St. Joseph Banner White Bird\" onerror=\"this.style.display='none'\" loading='lazy' \/>\n\t\t\t\t<\/a>\n\t<p><a href=\"https:\/\/saintjosephcatholicschool.org\/\">Inicio<\/a> | About Us | Accreditation<\/p>\n<h1>\n\t\t\t\u00a0Actualizaci\u00f3n de la acreditaci\u00f3n de la WCEA\t<\/h1>\n\t<p>St. Joseph Catholic School, Wenatchee, es <b>plenamente acreditada por la Western Catholic Educational Association (WCEA)<\/b>. Este proceso es un ciclo de seis a\u00f1os de recogida de datos, reflexi\u00f3n, reconocimiento de los puntos fuertes e identificaci\u00f3n de las \u00e1reas de crecimiento. Los objetivos y las medidas se aplican sobre la base de los hallazgos que se descubren a trav\u00e9s de este proceso, con el prop\u00f3sito de <b>crecimiento continuo y mejora de la escuela<\/b>.\u00a0<\/p>\n<div class=\"_df_book df-container df-loading\" id=\"df_4547\"  wpoptions=\"true\" ><\/div><script data-cfasync=\"false\">var option_df_4547 = {\"outline\":[],\"forceFit\":\"true\",\"autoEnableOutline\":\"false\",\"autoEnableThumbnail\":\"false\",\"overwritePDFOutline\":\"false\",\"direction\":\"1\",\"pageMode\":\"0\",\"source\":\"https:\\\/\\\/saintjosephcatholicschool.org\\\/accreditation\\\/2025CommunityAccreditationUpdate.pdf\",\"wpOptions\":\"true\"}; if(window.DFLIP && DFLIP.parseBooks){DFLIP.parseBooks();}<\/script>\n\t<p><a href=\"https:\/\/www.wcea.org\/home-copy\" target=\"_blank\" rel=\"noopener\">Asociaci\u00f3n Educativa Cat\u00f3lica Occidental<\/a><\/p>\n<p>The school&#8217;s next self study will take place during the 2024-25 school year, followed by the school visit, audit or our study and findings, by an outside team in 2025-26.\u00a0<\/p>\n<p><strong><a href=\"https:\/\/saintjosephcatholicschool.org\/letters\/2024CommunityAccreditationUpdate.pdf\" target=\"_blank\" rel=\"noopener\">Spring 2024 Accreditation Update<\/a><\/strong><\/p>\n<p><strong><a href=\"https:\/\/saintjosephcatholicschool.org\/forms\/2022-2023%20Accreditation%20Update.pdf\">Fall 2023 Accreditation Update<\/a><\/strong><\/p>\n<p><a href=\"https:\/\/docs.google.com\/document\/d\/1dj0WmShdKd241bwS9pItU0JioHC6DOym_ihydBES1yU\/edit?usp=sharing\"><b>Junio de 2022: actualizaci\u00f3n de la acreditaci\u00f3n<\/b><\/a><\/p>\n<p><a href=\"https:\/\/docs.google.com\/document\/d\/10pQxDYxaOLsG1I7bRU0eHSRt7L_CYqQIw6sll3Jk4kM\/edit?usp=sharing\"><b>Mayo de 2021 Actualizaci\u00f3n de la acreditaci\u00f3n<\/b><\/a><\/p>\n<p><a href=\"https:\/\/docs.google.com\/document\/d\/1N9XXGc3F8C5DUm0awgNWMQbBBBrkdzyxCjAbpGUuGzg\/edit?usp=sharing\"><b>Actualizaci\u00f3n de la WCEA 2019 Resumen del informe de resultados<\/b><\/a><\/p>\n<h3>\n\t\t\tFundada en 1955\t<\/h3>\n\t<p>St. Joseph Catholic School admits students of any gender, race, color or national and ethnic origin to all the rights, privileges, programs and activities generally accorded or made available to all students at the school. It does not discriminate on the basis of race, color, national and ethnic origin in administration of its educational policies, admission policies, scholarship and loan programs and athletic and other administered programs.<\/p>\n<p>Saint Joseph Catholic School | 600 St. Joseph Place, Wenatchee, WA. 98801 | <a href=\"tel:509-663-2644\">509-663-2644<\/a><\/p>\n<p>\u00a9 2020-2026 St. Joseph Catholic School<\/p>\n<p><a href=\"https:\/\/saintjosephcatholicschool.org\/sitemap\/\">Mapa del sitio<\/a><\/p>\n<p>Dise\u00f1ado por <a href=\"https:\/\/winningwebworks.com\">Winning Web Works<\/a><\/p>","protected":false},"excerpt":{"rendered":"<p>Home | About Us | Accreditation \u00a0WCEA Accreditation Update St. Joseph Catholic School, Wenatchee, is fully accredited by the Western Catholic Educational Association (WCEA). This process is a six year cycle of data collection, reflection, recognition of strengths and identified areas for growth. Goals and actions are implemented based on findings that are discovered through&hellip;<\/p>","protected":false},"author":1,"featured_media":0,"parent":0,"menu_order":0,"comment_status":"closed","ping_status":"closed","template":"","meta":{"_seopress_robots_primary_cat":"","_seopress_titles_title":"","_seopress_titles_desc":"St. Joseph Catholic School has completed year three of the Western Catholic Education Association six-year accreditation cycle. ","_seopress_robots_index":"","footnotes":""},"class_list":["post-94","page","type-page","status-publish","hentry"],"_links":{"self":[{"href":"https:\/\/saintjosephcatholicschool.org\/es\/wp-json\/wp\/v2\/pages\/94","targetHints":{"allow":["GET"]}}],"collection":[{"href":"https:\/\/saintjosephcatholicschool.org\/es\/wp-json\/wp\/v2\/pages"}],"about":[{"href":"https:\/\/saintjosephcatholicschool.org\/es\/wp-json\/wp\/v2\/types\/page"}],"author":[{"embeddable":true,"href":"https:\/\/saintjosephcatholicschool.org\/es\/wp-json\/wp\/v2\/users\/1"}],"replies":[{"embeddable":true,"href":"https:\/\/saintjosephcatholicschool.org\/es\/wp-json\/wp\/v2\/comments?post=94"}],"version-history":[{"count":28,"href":"https:\/\/saintjosephcatholicschool.org\/es\/wp-json\/wp\/v2\/pages\/94\/revisions"}],"predecessor-version":[{"id":4641,"href":"https:\/\/saintjosephcatholicschool.org\/es\/wp-json\/wp\/v2\/pages\/94\/revisions\/4641"}],"wp:attachment":[{"href":"https:\/\/saintjosephcatholicschool.org\/es\/wp-json\/wp\/v2\/media?parent=94"}],"curies":[{"name":"wp","href":"https:\/\/api.w.org\/{rel}","templated":true}]}}