{"id":79,"date":"2020-05-23T06:20:35","date_gmt":"2020-05-23T13:20:35","guid":{"rendered":"https:\/\/stjoseph.winningwebworks.com\/financial-aid-application\/"},"modified":"2024-03-20T10:02:47","modified_gmt":"2024-03-20T17:02:47","slug":"tuition-assistance","status":"publish","type":"page","link":"https:\/\/saintjosephcatholicschool.org\/es\/tuition-assistance\/","title":{"rendered":"Ayuda para la matr\u00edcula"},"content":{"rendered":"<a href=\"https:\/\/saintjosephcatholicschool.org\" target=\"_self\" itemprop=\"url\" rel=\"noopener\">\n\t\t\t\t<img loading=\"lazy\" decoding=\"async\" src=\"https:\/\/saintjosephcatholicschool.org\/wp-content\/uploads\/2020\/05\/StJosephBannerWhiteBird.jpg\" alt=\"St. Joseph Banner White Bird\" itemprop=\"image\" height=\"160\" width=\"680\" title=\"St. Joseph Banner White Bird\" onerror=\"this.style.display='none'\"  \/>\n\t\t\t\t<\/a>\n\t<p><a href=\"https:\/\/saintjosephcatholicschool.org\/\">Inicio<\/a> l <a href=\"https:\/\/saintjosephcatholicschool.org\/registration\">Admisi\u00f3n<\/a> l Ayuda para la matr\u00edcula<\/p>\n<h1>\n\t\tAyuda para la matr\u00edcula\n\t<\/h1>\n\t<p>At St. Joseph Catholic School, we believe that every child should have access to a Catholic education, regardless of financial circumstances. That&#8217;s why we are thrilled to offer tuition assistance to qualifying families. We understand that the cost of private education can be daunting, but we are committed to providing resources to assist you on your journey.<\/p>\n<p>If you share Fr. Osmar&#8217;s passion for cultivating a Catholic culture of education, we invite you to apply for tuition assistance today. Our goal is to make a Catholic education accessible to all who seek it, and we believe that financial barriers should never stand in the way.<\/p>\n<p>Le animamos a rezar por la educaci\u00f3n de su(s) hijo(s), y prometemos poner de nuestra parte para proporcionar los recursos necesarios. Juntos, podemos crear una comunidad de fe y aprendizaje que dar\u00e1 forma a las vidas de nuestros hijos y de las generaciones futuras. P\u00f3ngase en contacto con nosotros hoy mismo para obtener m\u00e1s informaci\u00f3n sobre nuestro programa de ayuda para la matr\u00edcula y sobre c\u00f3mo podemos ayudarle a hacer realidad una educaci\u00f3n cat\u00f3lica para su familia.<\/p>\n<h2>\n\t\tSolicitud en l\u00ednea\n\t<\/h2>\n\t\t\t<a href=\"https:\/\/saintjosephcatholicschool.org\/forms\/24-25-Tuition-Assistance-Application-Process.pdf\" target=\"_blank\" rel=\"noopener\">\n\t\t\t\t\t\tTuition Assistance Instructions\n\t\t\t\t\t<\/a>\n\t\t\t<a href=\"https:\/\/online.factsmgt.com\/aid\" target=\"_blank\" rel=\"noopener\">\n\t\t\t\t\t\tFACTS Tuition Assistance Portal\n\t\t\t\t\t<\/a>\n<h3>\n\t\tFundada en 1955\n\t<\/h3>\n\t<p>Saint Joseph Catholic School | 600 St. Joseph Place, Wenatchee, WA. 98801 | <a href=\"tel:509-663-2644\">509-663-2644<\/a><\/p>\n<p>\u00a9 2020-2026 St. Joseph Catholic School<\/p>\n<p><a href=\"https:\/\/saintjosephcatholicschool.org\/sitemap\/\">Mapa del sitio<\/a><\/p>\n<p>Dise\u00f1ado por <a href=\"https:\/\/winningwebworks.com\">Winning Web Works<\/a><\/p>","protected":false},"excerpt":{"rendered":"<p>Home l Admission l Tuition Assistance Tuition Assistance At St. Joseph Catholic School, we believe that every child should have access to a Catholic education, regardless of financial circumstances. That&#8217;s why we are thrilled to offer tuition assistance to qualifying families. We understand that the cost of private education can be daunting, but we are&hellip;<\/p>","protected":false},"author":1,"featured_media":0,"parent":0,"menu_order":0,"comment_status":"closed","ping_status":"closed","template":"","meta":{"_seopress_robots_primary_cat":"","_seopress_titles_title":"","_seopress_titles_desc":"","_seopress_robots_index":"","footnotes":""},"class_list":["post-79","page","type-page","status-publish","hentry"],"_links":{"self":[{"href":"https:\/\/saintjosephcatholicschool.org\/es\/wp-json\/wp\/v2\/pages\/79","targetHints":{"allow":["GET"]}}],"collection":[{"href":"https:\/\/saintjosephcatholicschool.org\/es\/wp-json\/wp\/v2\/pages"}],"about":[{"href":"https:\/\/saintjosephcatholicschool.org\/es\/wp-json\/wp\/v2\/types\/page"}],"author":[{"embeddable":true,"href":"https:\/\/saintjosephcatholicschool.org\/es\/wp-json\/wp\/v2\/users\/1"}],"replies":[{"embeddable":true,"href":"https:\/\/saintjosephcatholicschool.org\/es\/wp-json\/wp\/v2\/comments?post=79"}],"version-history":[{"count":28,"href":"https:\/\/saintjosephcatholicschool.org\/es\/wp-json\/wp\/v2\/pages\/79\/revisions"}],"predecessor-version":[{"id":3990,"href":"https:\/\/saintjosephcatholicschool.org\/es\/wp-json\/wp\/v2\/pages\/79\/revisions\/3990"}],"wp:attachment":[{"href":"https:\/\/saintjosephcatholicschool.org\/es\/wp-json\/wp\/v2\/media?parent=79"}],"curies":[{"name":"wp","href":"https:\/\/api.w.org\/{rel}","templated":true}]}}