{"id":73,"date":"2020-05-23T06:20:35","date_gmt":"2020-05-23T13:20:35","guid":{"rendered":"https:\/\/stjoseph.winningwebworks.com\/lunch-menu-calendar\/"},"modified":"2025-06-25T12:17:30","modified_gmt":"2025-06-25T19:17:30","slug":"hot-lunch-orders-menu","status":"publish","type":"page","link":"https:\/\/saintjosephcatholicschool.org\/es\/hot-lunch-orders-menu\/","title":{"rendered":"Pedidos de comida caliente y men\u00fa"},"content":{"rendered":"<a href=\"https:\/\/saintjosephcatholicschool.org\"  target=\"_self\" itemprop=\"url\">\n\t\t\t\t<img decoding=\"async\" src=\"https:\/\/saintjosephcatholicschool.org\/wp-content\/uploads\/2020\/05\/StJosephBannerWhiteBird.jpg\" alt=\"St. Joseph Banner White Bird\" itemprop=\"image\" height=\"160\" width=\"680\" title=\"St. Joseph Banner White Bird\" onerror=\"this.style.display='none'\" loading='lazy' \/>\n\t\t\t\t<\/a>\n\t<p><a href=\"https:\/\/saintjosephcatholicschool.org\/\">Inicio<\/a> l <a href=\"https:\/\/saintjosephcatholicschool.org\/schoolyearcalendar\">Vida escolar<\/a> l Pedidos de comida caliente y men\u00fa<\/p>\n<h1>\n\t\t\tPedidos de comida caliente y men\u00fa\t<\/h1>\n\t\t\t<a href=\"https:\/\/saintjosephcatholicschool.org\/forms\/HotLunch.pdf\" target=\"_blank\" rel=\"noopener\">\n\t\t\t\t\t\t\tDescargar detalles de Hot Lunch\n\t\t\t<\/a>\n\t\t\t\t<img decoding=\"async\" src=\"https:\/\/saintjosephcatholicschool.org\/wp-content\/uploads\/2023\/03\/LunchLadies.jpg\" alt=\"Lunch Ladies\" itemprop=\"image\" height=\"2400\" width=\"1800\" title=\"Lunch Ladies\" onerror=\"this.style.display='none'\" loading='lazy' \/>\n\t<p>Joseph todos los d\u00edas. La escuela utiliza un <strong>sistema de prepago a trav\u00e9s de FACTS<\/strong>. If you wish to purchase hot lunch for your child(ren), please make sure that funds are deposited into your child&#8217;s hot-lunch account. <strong>Los gastos devengados se deducir\u00e1n semanalmente<\/strong>. Los padres ser\u00e1n responsables de hacer los pedidos de almuerzo caliente a trav\u00e9s de FACTS antes de las 9:00 a.m. cada d\u00eda. <strong>The current month&#8217;s lunch menu is shared below.<\/strong> Si lo desea, puede hacer pedidos por adelantado para todo el mes. Sin embargo, las deducciones s\u00f3lo se efectuar\u00e1n una vez a la semana para los almuerzos ya realizados. Al principio de cada mes se distribuir\u00e1 un men\u00fa de almuerzos calientes. En <strong>el coste de cada comida ser\u00e1 de 5 d\u00f3lares<\/strong>. Este coste est\u00e1 sujeto a cambios, ya que los precios de los alimentos fluct\u00faan. La escuela enviar\u00e1 una notificaci\u00f3n de cualquier posible cambio de precio antes de que se produzca.<\/p>\n<strong>HORARIO:<\/strong> Almuerzo caliente diario<br \/>\n<strong>C\u00d3MO PEDIRLO:<\/strong> <strong>Los padres son responsables de hacer los pedidos a trav\u00e9s de FACTS antes de las 9:00 a.m.<\/strong> <strong>cada d\u00eda o por adelantado para la semana o el mes.<\/strong> Hacer un pedido por adelantado le ayudar\u00e1 a prepararlo con precisi\u00f3n y reducir\u00e1 los residuos.<br \/>\n<strong>SISTEMA DE PAGO:<\/strong> Prepagado a trav\u00e9s de FACTS. Los cargos ser\u00e1n deducidos semanalmente.<br \/>\n<strong>COSTE:<\/strong> 5 $ por comida\n<h4>LECHE<\/h4>\n<p>Leche 1% puede ser comprada para todo el a\u00f1o escolar. El pago de la leche se cobrar\u00e1 a trav\u00e9s de FACTS. El<strong> el coste de la leche para el a\u00f1o, por ni\u00f1o, es de 80 d\u00f3lares<\/strong>. Rellene y env\u00ede la siguiente informaci\u00f3n <strong>FORMULARIO DE PEDIDO<\/strong>si desea pedir leche para su hijo, o rellene y env\u00ede el formulario digital que le llegar\u00e1 por correo electr\u00f3nico en agosto.<\/p>\n\t\t\t\t<a href=\"https:\/\/online.factsmgt.com\/aid\"  target=\"_blank\" rel=\"noopener\"  itemprop=\"url\">\n\t\t\t\t<img decoding=\"async\" src=\"https:\/\/saintjosephcatholicschool.org\/wp-content\/uploads\/2020\/05\/FACTS-logo-color.png\" alt=\"FACTS\" itemprop=\"image\" height=\"91\" width=\"321\" title=\"FACTS-logo color\" onerror=\"this.style.display='none'\" loading='lazy' \/>\n\t\t\t\t<\/a>\n<h2>\n\t\t\tMen\u00fa Mensual\t<\/h2>\n\t\t\t\t<a href=\"https:\/\/saintjosephcatholicschool.org\/wp-content\/uploads\/2025\/01\/January-2025-Lunch-Menu.pdf\"  target=\"_blank\" rel=\"noopener\"  itemprop=\"url\">\n\t\t\t\t<img decoding=\"async\" src=\"https:\/\/saintjosephcatholicschool.org\/wp-content\/uploads\/2025\/05\/May2025LunchMenu.jpg\" alt=\"May 2025 Lunch Menu\" itemprop=\"image\" height=\"1100\" width=\"1800\" title=\"May 2025 Lunch Menu\" onerror=\"this.style.display='none'\" loading='lazy' \/>\n\t\t\t\t<\/a>\n\t\t\t<a href=\"https:\/\/saintjosephcatholicschool.org\/lunch\/May2025LunchMenu.pdf\" target=\"_blank\" rel=\"noopener\">\n\t\t\t\t\t\t\tDescargar el men\u00fa del almuerzo\n\t\t\t<\/a>\n<h3>\n\t\t\tFundada en 1955\t<\/h3>\n\t<p>St. Joseph Catholic School admits students of any gender, race, color or national and ethnic origin to all the rights, privileges, programs and activities generally accorded or made available to all students at the school. It does not discriminate on the basis of race, color, national and ethnic origin in administration of its educational policies, admission policies, scholarship and loan programs and athletic and other administered programs.<\/p>\n<p>Saint Joseph Catholic School | 600 St. Joseph Place, Wenatchee, WA. 98801 | <a href=\"tel:509-663-2644\">509-663-2644<\/a><\/p>\n<p>\u00a9 2020-2026 St. Joseph Catholic School<\/p>\n<p><a href=\"https:\/\/saintjosephcatholicschool.org\/sitemap\/\">Mapa del sitio<\/a><\/p>\n<p>Dise\u00f1ado por <a href=\"https:\/\/winningwebworks.com\">Winning Web Works<\/a><\/p>","protected":false},"excerpt":{"rendered":"<p>Home l School Life l Hot Lunch Orders &amp; Menu Hot Lunch Orders &#038; Menu Download Hot Lunch Details Hot lunch is offered at St. Joseph Catholic School on a daily basis. The school uses a prepaid system through FACTS. If you wish to purchase hot lunch for your child(ren), please make sure that funds&hellip;<\/p>","protected":false},"author":1,"featured_media":0,"parent":0,"menu_order":0,"comment_status":"closed","ping_status":"closed","template":"","meta":{"_seopress_robots_primary_cat":"","_seopress_titles_title":"","_seopress_titles_desc":"","_seopress_robots_index":"","footnotes":""},"class_list":["post-73","page","type-page","status-publish","hentry"],"_links":{"self":[{"href":"https:\/\/saintjosephcatholicschool.org\/es\/wp-json\/wp\/v2\/pages\/73","targetHints":{"allow":["GET"]}}],"collection":[{"href":"https:\/\/saintjosephcatholicschool.org\/es\/wp-json\/wp\/v2\/pages"}],"about":[{"href":"https:\/\/saintjosephcatholicschool.org\/es\/wp-json\/wp\/v2\/types\/page"}],"author":[{"embeddable":true,"href":"https:\/\/saintjosephcatholicschool.org\/es\/wp-json\/wp\/v2\/users\/1"}],"replies":[{"embeddable":true,"href":"https:\/\/saintjosephcatholicschool.org\/es\/wp-json\/wp\/v2\/comments?post=73"}],"version-history":[{"count":53,"href":"https:\/\/saintjosephcatholicschool.org\/es\/wp-json\/wp\/v2\/pages\/73\/revisions"}],"predecessor-version":[{"id":4378,"href":"https:\/\/saintjosephcatholicschool.org\/es\/wp-json\/wp\/v2\/pages\/73\/revisions\/4378"}],"wp:attachment":[{"href":"https:\/\/saintjosephcatholicschool.org\/es\/wp-json\/wp\/v2\/media?parent=73"}],"curies":[{"name":"wp","href":"https:\/\/api.w.org\/{rel}","templated":true}]}}