{"id":53,"date":"2020-05-23T06:20:34","date_gmt":"2020-05-23T06:20:34","guid":{"rendered":"https:\/\/stjoseph.winningwebworks.com\/newsletter\/"},"modified":"2025-05-12T18:32:52","modified_gmt":"2025-05-13T01:32:52","slug":"newsletter","status":"publish","type":"page","link":"https:\/\/saintjosephcatholicschool.org\/es\/newsletter\/","title":{"rendered":"Bolet\u00edn"},"content":{"rendered":"<a href=\"https:\/\/saintjosephcatholicschool.org\"  target=\"_self\" itemprop=\"url\">\n\t\t\t\t<img decoding=\"async\" src=\"https:\/\/saintjosephcatholicschool.org\/wp-content\/uploads\/2020\/05\/StJosephBannerWhiteBird.jpg\" alt=\"St. Joseph Banner White Bird\" itemprop=\"image\" height=\"160\" width=\"680\" title=\"St. Joseph Banner White Bird\" onerror=\"this.style.display='none'\" loading='lazy' \/>\n\t\t\t\t<\/a>\n\t<p><a href=\"https:\/\/saintjosephcatholicschool.org\/\">Inicio<\/a> l <a href=\"https:\/\/saintjosephcatholicschool.org\/schoolyearcalendar\">Vida escolar<\/a> l Bolet\u00edn<\/p>\n<h1>\n\t\t\tBolet\u00edn\t<\/h1>\n\t<p><em>The St. Joe&#8217;s Post\u00a0<\/em>se publica mensualmente para la comunidad de la Escuela Cat\u00f3lica San Jos\u00e9. El bolet\u00edn incluye actualizaciones sobre eventos escolares, fechas importantes y recaudaci\u00f3n de fondos. Se anima a las familias de la escuela y a los colaboradores de la comunidad a leer <em>The St. Joe&#8217;s Post\u00a0<\/em>cada mes para no perderse ning\u00fan anuncio importante de la escuela. Tambi\u00e9n se proporciona un enlace pdf para aquellas familias que deseen descargar e imprimir el bolet\u00edn mensual.<\/p>\n\t\t\t\t<img decoding=\"async\" src=\"https:\/\/saintjosephcatholicschool.org\/wp-content\/uploads\/2025\/05\/May2025ESP.jpg\" alt=\"May 2025\" itemprop=\"image\" height=\"1800\" width=\"1391\" title=\"Mayo\" onerror=\"this.style.display='none'\" loading='lazy' \/>\n\t\t\t<a href=\"https:\/\/saintjosephcatholicschool.org\/newsletters\/May2025StJoesPost.pdf\" target=\"_blank\" rel=\"noopener\">\n\t\t\t\t\t\t\tDownload The St. Joe&#8217;s Post\n\t\t\t<\/a>\n<h3>\n\t\t\tFundada en 1955\t<\/h3>\n\t<p>St. Joseph Catholic School admits students of any gender, race, color or national and ethnic origin to all the rights, privileges, programs and activities generally accorded or made available to all students at the school. It does not discriminate on the basis of race, color, national and ethnic origin in administration of its educational policies, admission policies, scholarship and loan programs and athletic and other administered programs.<\/p>\n<p>Saint Joseph Catholic School | 600 St. Joseph Place, Wenatchee, WA. 98801 | <a href=\"tel:509-663-2644\">509-663-2644<\/a><\/p>\n<p>\u00a9 2020-2026 St. Joseph Catholic School<\/p>\n<p><a href=\"https:\/\/saintjosephcatholicschool.org\/sitemap\/\">Mapa del sitio<\/a><\/p>\n<p>Dise\u00f1ado por <a href=\"https:\/\/winningwebworks.com\">Winning Web Works<\/a><\/p>","protected":false},"excerpt":{"rendered":"<p>Home l School Life l Newsletter Newsletter The St. Joe&#8217;s Post\u00a0is published monthly for the Saint Joseph Catholic School community. The newsletter includes updates on school events, important dates, and fundraisers. School families and community collaborators are encouraged to read The St. Joe&#8217;s Post\u00a0each month to be sure not to miss out on important announcements&hellip;<\/p>","protected":false},"author":1,"featured_media":0,"parent":0,"menu_order":0,"comment_status":"closed","ping_status":"closed","template":"","meta":{"_seopress_robots_primary_cat":"","_seopress_titles_title":"","_seopress_titles_desc":"The St. Joe\u2019s Post is published monthly for the Saint Joseph Catholic School community. The newsletter includes updates on school events and more. ","_seopress_robots_index":"","footnotes":""},"class_list":["post-53","page","type-page","status-publish","hentry"],"_links":{"self":[{"href":"https:\/\/saintjosephcatholicschool.org\/es\/wp-json\/wp\/v2\/pages\/53","targetHints":{"allow":["GET"]}}],"collection":[{"href":"https:\/\/saintjosephcatholicschool.org\/es\/wp-json\/wp\/v2\/pages"}],"about":[{"href":"https:\/\/saintjosephcatholicschool.org\/es\/wp-json\/wp\/v2\/types\/page"}],"author":[{"embeddable":true,"href":"https:\/\/saintjosephcatholicschool.org\/es\/wp-json\/wp\/v2\/users\/1"}],"replies":[{"embeddable":true,"href":"https:\/\/saintjosephcatholicschool.org\/es\/wp-json\/wp\/v2\/comments?post=53"}],"version-history":[{"count":62,"href":"https:\/\/saintjosephcatholicschool.org\/es\/wp-json\/wp\/v2\/pages\/53\/revisions"}],"predecessor-version":[{"id":4387,"href":"https:\/\/saintjosephcatholicschool.org\/es\/wp-json\/wp\/v2\/pages\/53\/revisions\/4387"}],"wp:attachment":[{"href":"https:\/\/saintjosephcatholicschool.org\/es\/wp-json\/wp\/v2\/media?parent=53"}],"curies":[{"name":"wp","href":"https:\/\/api.w.org\/{rel}","templated":true}]}}