{"id":50,"date":"2020-05-23T06:20:34","date_gmt":"2020-05-23T13:20:34","guid":{"rendered":"https:\/\/stjoseph.winningwebworks.com\/employment\/"},"modified":"2026-05-08T21:16:48","modified_gmt":"2026-05-09T04:16:48","slug":"employment","status":"publish","type":"page","link":"https:\/\/saintjosephcatholicschool.org\/es\/employment\/","title":{"rendered":"Empleo"},"content":{"rendered":"<figure itemscope itemtype=\"https:\/\/schema.org\/ImageObject\">\n\t\t\t\t<a href=\"https:\/\/saintjosephcatholicschool.org\"  target=\"_self\" itemprop=\"url\">\n\t\t\t\t<img decoding=\"async\" src=\"https:\/\/saintjosephcatholicschool.org\/wp-content\/uploads\/2020\/05\/StJosephBannerWhiteBird.jpg\" alt=\"St. Joseph Banner White Bird\" height=\"160\" width=\"680\" title=\"St. Joseph Banner White Bird\" onerror=\"this.style.display='none'\" loading=\"lazy\" \/>\n\t\t\t\t<\/a>\n\t<\/figure>\n\t<p><a href=\"https:\/\/saintjosephcatholicschool.org\/\">Inicio<\/a> l <a href=\"https:\/\/saintjosephcatholicschool.org\/history\">Qui\u00e9nes somos<\/a> l Empleo<\/p>\n<h1>\n\t\t\tEmpleo\t<\/h1>\n\t<p>At St. Joseph Catholic School, we are proud to provide an incredible work environment for our faculty members who truly embody the spirit of St. Joe&#8217;s, through their commitment to faith, excellence, and service. If you&#8217;re looking for a fulfilling career in education, we invite you to apply for our open positions and become part of our team. Our school is dedicated to providing a supportive and inclusive community where everyone can thrive, and we believe that our faculty members play a critical role in achieving this goal. So if you&#8217;re passionate about education and want to make a difference in the lives of our students, we encourage you to apply today and join us in our mission to provide a faith-based, high-quality education for all.<\/p>\n\t<h2><strong>Maestros substitutos<\/strong><\/h2>\n<p>La Escuela Cat\u00f3lica de San Jos\u00e9 est\u00e1 en busca de maestros substitutos. Si est\u00e1 interesado, p\u00f3ngase en contacto con:<\/p>\n<p><strong>Sra. Lisa Martinez, Directora<\/strong><\/p>\n<p><strong>600 Saint Joseph Pl, Wenatchee, WA 98801<\/strong><\/p>\n<p><strong>o por correo electr\u00f3nico: <\/strong><a href=\"mailto:lmartinez@saintjosephcatholicschool.org\">lmartinez@saintjosephcatholicschool.org<\/a><\/p>\n\t<h2><strong>Maestros substitutos<\/strong><\/h2>\n<p>La Escuela Cat\u00f3lica de San Jos\u00e9 est\u00e1 en busca de maestros substitutos. Si est\u00e1 interesado, p\u00f3ngase en contacto con:<\/p>\n<p><strong>Se\u00f1ora Lisa Martinez, Principal<\/strong><\/p>\n<p><strong>600 Saint Joseph Pl, Wenatchee, WA 98801<\/strong><\/p>\n<p><strong>o por correo electr\u00f3nico:<\/strong> <a href=\"mailto:lmartinez@saintjosephcatholicschool.org\">lmartinez@saintjosephcatholicschool.org<\/a><\/p>\n<h3>\n\t\t\tFundada en 1955\t<\/h3>\n\t<p>St. Joseph Catholic School admits students of any gender, race, color or national and ethnic origin to all the rights, privileges, programs and activities generally accorded or made available to all students at the school. It does not discriminate on the basis of race, color, national and ethnic origin in administration of its educational policies, admission policies, scholarship and loan programs and athletic and other administered programs.<\/p>\n<p>Saint Joseph Catholic School | 600 St. Joseph Place, Wenatchee, WA. 98801 | <a href=\"tel:509-663-2644\">509-663-2644<\/a><\/p>\n<p>\u00a9 2020-2026 St. Joseph Catholic School<\/p>\n<p><a href=\"https:\/\/saintjosephcatholicschool.org\/sitemap\/\">Mapa del sitio<\/a><\/p>\n<p>Dise\u00f1ado por <a href=\"https:\/\/winningwebworks.com\">Winning Web Works<\/a><\/p>","protected":false},"excerpt":{"rendered":"<p>Home l About Us l Employment Employment At St. Joseph Catholic School, we are proud to provide an incredible work environment for our faculty members who truly embody the spirit of St. Joe&#8217;s, through their commitment to faith, excellence, and service. If you&#8217;re looking for a fulfilling career in education, we invite you to apply&hellip;<\/p>","protected":false},"author":1,"featured_media":0,"parent":0,"menu_order":0,"comment_status":"closed","ping_status":"closed","template":"","meta":{"_seopress_robots_primary_cat":"","_seopress_titles_title":"","_seopress_titles_desc":"St. Joseph Catholic School is looking for substitute teachers. If interested, please contact the principal.","_seopress_robots_index":"","footnotes":""},"class_list":["post-50","page","type-page","status-publish","hentry"],"_links":{"self":[{"href":"https:\/\/saintjosephcatholicschool.org\/es\/wp-json\/wp\/v2\/pages\/50","targetHints":{"allow":["GET"]}}],"collection":[{"href":"https:\/\/saintjosephcatholicschool.org\/es\/wp-json\/wp\/v2\/pages"}],"about":[{"href":"https:\/\/saintjosephcatholicschool.org\/es\/wp-json\/wp\/v2\/types\/page"}],"author":[{"embeddable":true,"href":"https:\/\/saintjosephcatholicschool.org\/es\/wp-json\/wp\/v2\/users\/1"}],"replies":[{"embeddable":true,"href":"https:\/\/saintjosephcatholicschool.org\/es\/wp-json\/wp\/v2\/comments?post=50"}],"version-history":[{"count":53,"href":"https:\/\/saintjosephcatholicschool.org\/es\/wp-json\/wp\/v2\/pages\/50\/revisions"}],"predecessor-version":[{"id":4717,"href":"https:\/\/saintjosephcatholicschool.org\/es\/wp-json\/wp\/v2\/pages\/50\/revisions\/4717"}],"wp:attachment":[{"href":"https:\/\/saintjosephcatholicschool.org\/es\/wp-json\/wp\/v2\/media?parent=50"}],"curies":[{"name":"wp","href":"https:\/\/api.w.org\/{rel}","templated":true}]}}