{"id":49,"date":"2020-05-23T06:20:34","date_gmt":"2020-05-23T06:20:34","guid":{"rendered":"https:\/\/stjoseph.winningwebworks.com\/volunteering\/"},"modified":"2024-01-29T10:34:58","modified_gmt":"2024-01-29T18:34:58","slug":"volunteering","status":"publish","type":"page","link":"https:\/\/saintjosephcatholicschool.org\/es\/volunteering\/","title":{"rendered":"Volunteering"},"content":{"rendered":"<a href=\"https:\/\/saintjosephcatholicschool.org\" target=\"_self\" itemprop=\"url\" rel=\"noopener\">\n\t\t\t\t<img loading=\"lazy\" decoding=\"async\" src=\"https:\/\/saintjosephcatholicschool.org\/wp-content\/uploads\/2020\/05\/StJosephBannerWhiteBird.jpg\" alt=\"St. Joseph Banner White Bird\" itemprop=\"image\" height=\"160\" width=\"680\" title=\"St. Joseph Banner White Bird\" onerror=\"this.style.display='none'\"  \/>\n\t\t\t\t<\/a>\n\n\t<p><a href=\"https:\/\/saintjosephcatholicschool.org\/\">Inicio<\/a> l <a href=\"https:\/\/saintjosephcatholicschool.org\/volunteering\">Buena administraci\u00f3n<\/a> l Voluntario<\/p>\n<h1>\n\t\tVoluntario\n\t<\/h1>\n\t<p>At St. Joseph Catholic School, Wenatchee, we believe that service is an integral part of our students&#8217; education. That&#8217;s why we&#8217;re proud to have a community of dedicated volunteers who help us make a difference in the lives of our students. We invite you to join us and become a part of this wonderful community.<\/p>\n<p>As a volunteer at St. Joseph Catholic School, Wenatchee, you&#8217;ll have the opportunity to make a meaningful impact in the lives of our students while also making new friends and having fun. Whether you&#8217;re interested in helping out in the classroom, chaperoning field trips, or assisting with school events, we have a variety of volunteer opportunities available to suit your interests and schedule.<\/p>\n<p>By volunteering at St. Joseph Catholic School, Wenatchee, you&#8217;ll be investing in the future of our students and our community. We look forward to welcoming you into our community of volunteers and working together to make a difference.<\/p>\n<p>La Escuela Cat\u00f3lica St. Joseph est\u00e1 orgullosa de nuestra estrecha comunidad y de la capacidad de colaborar para hacer de la escuela lo mejor que pueda ser; para crear un ambiente rico y din\u00e1mico centrado en la fe, la excelencia y el servicio, donde nuestros ni\u00f1os y familias puedan prosperar. Para continuar construyendo esta cultura de liderazgo compartido, participaci\u00f3n y servicio, invitamos a todos los miembros de la comunidad a comprometerse a una participaci\u00f3n plena y activa. Les pedimos que compartan los dones que Dios les ha dado para contribuir a la fuerza y la belleza de nuestra comunidad.<\/p>\n<p>Las solicitudes de voluntarios para la recaudaci\u00f3n de fondos se resumen haciendo clic en el bot\u00f3n de abajo.<\/p>\n\t<p>&#8220;We were new to the area and volunteering at St. Joe&#8217;s, for both my husband and I, made us feel welcome. It made us feel like yes, this is home, this is our community. And, we had a blast doing it!&#8221; -Sarah Lampert, School Parent<\/p>\n\t\t\t<a href=\"https:\/\/saintjosephcatholicschool.org\/forms\/FundraiserVolunteerNeeds.pdf\" target=\"_self\" rel=\"noopener\">\n\t\t\t\t\t\t\tSolicitud de voluntarios para recaudar fondos\n\t\t\t\t\t<\/a>\n<h3>\n\t\tFundada en 1955\n\t<\/h3>\n\t<p>Saint Joseph Catholic School | 600 St. Joseph Place, Wenatchee, WA. 98801 | <a href=\"tel:509-663-2644\">509-663-2644<\/a><\/p>\n<p>\u00a9 2020-2026 St. Joseph Catholic School<\/p>\n<p><a href=\"https:\/\/saintjosephcatholicschool.org\/sitemap\/\">Mapa del sitio<\/a><\/p>\n<p>Dise\u00f1ado por <a href=\"https:\/\/winningwebworks.com\">Winning Web Works<\/a><\/p>","protected":false},"excerpt":{"rendered":"<p>Home l Stewardship l Volunteer Volunteer At St. Joseph Catholic School, Wenatchee, we believe that service is an integral part of our students&#8217; education. That&#8217;s why we&#8217;re proud to have a community of dedicated volunteers who help us make a difference in the lives of our students. We invite you to join us and become&hellip;<\/p>","protected":false},"author":1,"featured_media":0,"parent":0,"menu_order":0,"comment_status":"closed","ping_status":"closed","template":"","meta":{"_seopress_robots_primary_cat":"","_seopress_titles_title":"","_seopress_titles_desc":"","_seopress_robots_index":"","footnotes":""},"class_list":["post-49","page","type-page","status-publish","hentry"],"_links":{"self":[{"href":"https:\/\/saintjosephcatholicschool.org\/es\/wp-json\/wp\/v2\/pages\/49","targetHints":{"allow":["GET"]}}],"collection":[{"href":"https:\/\/saintjosephcatholicschool.org\/es\/wp-json\/wp\/v2\/pages"}],"about":[{"href":"https:\/\/saintjosephcatholicschool.org\/es\/wp-json\/wp\/v2\/types\/page"}],"author":[{"embeddable":true,"href":"https:\/\/saintjosephcatholicschool.org\/es\/wp-json\/wp\/v2\/users\/1"}],"replies":[{"embeddable":true,"href":"https:\/\/saintjosephcatholicschool.org\/es\/wp-json\/wp\/v2\/comments?post=49"}],"version-history":[{"count":28,"href":"https:\/\/saintjosephcatholicschool.org\/es\/wp-json\/wp\/v2\/pages\/49\/revisions"}],"predecessor-version":[{"id":3760,"href":"https:\/\/saintjosephcatholicschool.org\/es\/wp-json\/wp\/v2\/pages\/49\/revisions\/3760"}],"wp:attachment":[{"href":"https:\/\/saintjosephcatholicschool.org\/es\/wp-json\/wp\/v2\/media?parent=49"}],"curies":[{"name":"wp","href":"https:\/\/api.w.org\/{rel}","templated":true}]}}