{"id":4551,"date":"2025-06-28T13:50:09","date_gmt":"2025-06-28T20:50:09","guid":{"rendered":"https:\/\/saintjosephcatholicschool.org\/?page_id=4551"},"modified":"2025-06-28T13:53:48","modified_gmt":"2025-06-28T20:53:48","slug":"honorchoir","status":"publish","type":"page","link":"https:\/\/saintjosephcatholicschool.org\/es\/honorchoir\/","title":{"rendered":"Honor Choir"},"content":{"rendered":"<a href=\"https:\/\/saintjosephcatholicschool.org\"  target=\"_self\" itemprop=\"url\">\n\t\t\t\t<img decoding=\"async\" src=\"https:\/\/saintjosephcatholicschool.org\/wp-content\/uploads\/2020\/05\/StJosephBannerWhiteBird.jpg\" alt=\"St. Joseph Banner White Bird\" itemprop=\"image\" height=\"160\" width=\"680\" title=\"St. Joseph Banner White Bird\" onerror=\"this.style.display='none'\" loading='lazy' \/>\n\t\t\t\t<\/a>\n\t<p><a href=\"https:\/\/saintjosephcatholicschool.org\/\">Inicio<\/a> l <a href=\"https:\/\/saintjosephcatholicschool.org\/faculty\">Facultad<\/a> l Honor Choir<\/p>\n<h1>\n\t\t\tHonor Choir\t<\/h1>\n\t<h3><strong><img loading=\"lazy\" decoding=\"async\" src=\"https:\/\/saintjosephcatholicschool.org\/wp-content\/uploads\/2025\/06\/Tom-239x300.jpg\" alt=\"Tom McNair\" width=\"239\" height=\"300\" \/>Mr. Tom\u00a0<\/strong>McNair<\/h3>\n<p><strong>Director del Coro de Honor<\/strong><\/p>\n<p>Ironic that I am now an elementary school &#8220;music teacher&#8221; because, years ago (many), I decided not to work towards a college degree in music because I didn&#8217;t think I&#8217;d like teaching, and I did not think I was good enough to make a living as a performer. Ironic, because now I really enjoy teaching\/directing the St. Joseph Honor Choir, and sometimes get paid to play my trombone!<\/p>\n<p>Adem\u00e1s de dirigir el coro y acompa\u00f1arlos con la guitarra, disfruto tocando en la Orquesta Sinf\u00f3nica del Valle de Wenatchee como su Trombonista Principal, sirviendo como Presidente de la Junta de S\u00edndicos de la Sinf\u00f3nica, y dirigiendo mi propio grupo de jazz, Jazz Jam Quintet.<\/p>\n<p>In 1981 when we purchased our home here on Lowe Street, Mary Ann and I were pleasantly surprised to learn that St. Joseph School was only a block away. Our children, Ben and Abra, are both graduates of St. Joe&#8217;s. Both Mary Ann and I served on the school board and various committees, and I used to call &#8220;Bingo&#8221; in the school gym. St. Joseph Catholic School has been an important part of our lives ever since we moved to Wenatchee in 1981! Life is full of surprises, and I&#8217;m grateful for the unexpected path that led me to where we are today.<\/p>\n<h3>\n\t\t\tFundada en 1955\t<\/h3>\n\t<p>St. Joseph Catholic School admits students of any gender, race, color or national and ethnic origin to all the rights, privileges, programs and activities generally accorded or made available to all students at the school. It does not discriminate on the basis of race, color, national and ethnic origin in administration of its educational policies, admission policies, scholarship and loan programs and athletic and other administered programs.<\/p>\n<p>Saint Joseph Catholic School | 600 St. Joseph Place, Wenatchee, WA. 98801 | <a href=\"tel:509-663-2644\">509-663-2644<\/a><\/p>\n<p>\u00a9 2020-2026 St. Joseph Catholic School<\/p>\n<p><a href=\"https:\/\/saintjosephcatholicschool.org\/sitemap\/\">Mapa del sitio<\/a><\/p>\n<p>Dise\u00f1ado por <a href=\"https:\/\/winningwebworks.com\">Winning Web Works<\/a><\/p>","protected":false},"excerpt":{"rendered":"<p>Home l Faculty l Honor Choir Honor Choir Mr. Tom\u00a0McNair Honor Choir Director Ironic that I am now an elementary school &#8220;music teacher&#8221; because, years ago (many), I decided not to work towards a college degree in music because I didn&#8217;t think I&#8217;d like teaching, and I did not think I was good enough to&hellip;<\/p>","protected":false},"author":1,"featured_media":0,"parent":0,"menu_order":0,"comment_status":"closed","ping_status":"closed","template":"","meta":{"_seopress_robots_primary_cat":"","_seopress_titles_title":"","_seopress_titles_desc":"","_seopress_robots_index":"","footnotes":""},"class_list":["post-4551","page","type-page","status-publish","hentry"],"_links":{"self":[{"href":"https:\/\/saintjosephcatholicschool.org\/es\/wp-json\/wp\/v2\/pages\/4551","targetHints":{"allow":["GET"]}}],"collection":[{"href":"https:\/\/saintjosephcatholicschool.org\/es\/wp-json\/wp\/v2\/pages"}],"about":[{"href":"https:\/\/saintjosephcatholicschool.org\/es\/wp-json\/wp\/v2\/types\/page"}],"author":[{"embeddable":true,"href":"https:\/\/saintjosephcatholicschool.org\/es\/wp-json\/wp\/v2\/users\/1"}],"replies":[{"embeddable":true,"href":"https:\/\/saintjosephcatholicschool.org\/es\/wp-json\/wp\/v2\/comments?post=4551"}],"version-history":[{"count":2,"href":"https:\/\/saintjosephcatholicschool.org\/es\/wp-json\/wp\/v2\/pages\/4551\/revisions"}],"predecessor-version":[{"id":4554,"href":"https:\/\/saintjosephcatholicschool.org\/es\/wp-json\/wp\/v2\/pages\/4551\/revisions\/4554"}],"wp:attachment":[{"href":"https:\/\/saintjosephcatholicschool.org\/es\/wp-json\/wp\/v2\/media?parent=4551"}],"curies":[{"name":"wp","href":"https:\/\/api.w.org\/{rel}","templated":true}]}}