{"id":42,"date":"2020-05-23T06:20:34","date_gmt":"2020-05-23T06:20:34","guid":{"rendered":"https:\/\/stjoseph.winningwebworks.com\/aboutpc\/"},"modified":"2025-06-28T15:26:01","modified_gmt":"2025-06-28T22:26:01","slug":"aboutpc","status":"publish","type":"page","link":"https:\/\/saintjosephcatholicschool.org\/es\/aboutpc\/","title":{"rendered":"Club de padres"},"content":{"rendered":"<a href=\"https:\/\/saintjosephcatholicschool.org\"  target=\"_self\" itemprop=\"url\">\n\t\t\t\t<img decoding=\"async\" src=\"https:\/\/saintjosephcatholicschool.org\/wp-content\/uploads\/2020\/05\/StJosephBannerWhiteBird.jpg\" alt=\"St. Joseph Banner White Bird\" itemprop=\"image\" height=\"160\" width=\"680\" title=\"St. Joseph Banner White Bird\" onerror=\"this.style.display='none'\" loading='lazy' \/>\n\t\t\t\t<\/a>\n\t<p><a href=\"https:\/\/saintjosephcatholicschool.org\/\">Inicio<\/a> l <a href=\"https:\/\/saintjosephcatholicschool.org\/schoolyearcalendar\">Vida escolar<\/a> l Club de padres<\/p>\n<h1>\n\t\t\tClub de padres de la escuela cat\u00f3lica St. Joseph\t<\/h1>\n\t<h2>Se re\u00fane: <strong>Primer martes del mes a las 18.30 h.<\/strong><\/h2>\n<h3><strong>\u00a0 \u00a0Localizaci\u00f3n: Gimnasio de la escuela<\/strong><\/h3>\n\t\t<iframe loading=\"lazy\" title=\"St. Joseph Catholic School Parent Club Read-A-Thon!\" width=\"500\" height=\"375\" src=\"https:\/\/www.youtube.com\/embed\/JcFzMV3VmX8?feature=oembed\" frameborder=\"0\" allow=\"accelerometer; autoplay; clipboard-write; encrypted-media; gyroscope; picture-in-picture; web-share\" referrerpolicy=\"strict-origin-when-cross-origin\" allowfullscreen><\/iframe>\t\n\t<h2><strong>Qui\u00e9nes somos y qu\u00e9 hacemos:<\/strong><\/h2>\n<p>El Club de Padres de la Escuela Cat\u00f3lica San Jos\u00e9 es una organizaci\u00f3n sin fines de lucro cuya membres\u00eda incluye a todos los padres, tutores legales y personal de la escuela. Nuestra misi\u00f3n es promover el compa\u00f1erismo, la unidad, la comunicaci\u00f3n abierta y el entendimiento entre padres, estudiantes, profesores y personal. Nuestros esfuerzos sirven para mejorar y maximizar la educaci\u00f3n de cada ni\u00f1o, ayud\u00e1ndoles a alcanzar su m\u00e1ximo potencial.<\/p>\n<p>El Read-A-Thon, que se celebra cada noviembre, es un exitoso evento de recaudaci\u00f3n de fondos organizado y patrocinado por el Club de Padres. Este evento permite al Club de Padres patrocinar muchas actividades, incluyendo una pel\u00edcula escolar en el teatro, regalos de agradecimiento al personal y enriquecimiento de los estudiantes. El Club de Padres tambi\u00e9n ayuda a los maestros en la configuraci\u00f3n del aula, lleva a cabo recaudaciones de fondos para materiales educativos complementarios y experiencias, apoya la escuela y la interacci\u00f3n social de la familia, y proporciona un foro imparcial para compartir informaci\u00f3n sobre cuestiones que afectan a nuestros hijos.<\/p>\n<p>El Club de Padres apoya las competiciones anuales de Math is Cool proporcionando pizza a los estudiantes participantes. Adem\u00e1s, los miembros del Club de Padres compran premios para los ganadores del bingo durante la celebraci\u00f3n anual de la Semana de las Escuelas Cat\u00f3licas.<\/p>\n<p>Empty Bowls is an annual school-wide service project that invites the Wenatchee community and surrounding areas to help support the St. Vincent&#8217;s Food Bank which feeds over 100 families weekly. Each St. Joe&#8217;s student paints a bowl which is sold during Lent at the Empty Bowls Soup Supper. Parent Club leads this effort thanks to donations and support from around our beautiful Wenatchee Valley.<\/p>\n<p>Los cargos de la junta del Club de Padres incluyen presidente, vicepresidente, secretario, tesorero, representante de la tienda escolar y enlace con el profesorado. Tambi\u00e9n pueden incluir varios puestos especializados, como hospitalidad o programas. La junta normalmente gobierna el CP creando y votando las fechas de las reuniones, los programas de las reuniones generales, etc.<\/p>\n<h3>Actividades<\/h3>\n<p>El Club de Padres fomenta la participaci\u00f3n de los padres, los profesores y la comunidad proporcionando programas que facilitan actividades tales como seguridad en bicicleta, concienciaci\u00f3n sobre las drogas, conservaci\u00f3n de la energ\u00eda, programas de lectura, programas de ciencias, programas de matem\u00e1ticas y seguridad peatonal.  El Club de Padres tambi\u00e9n patrocina la barbacoa anual de vuelta al colegio que se celebra cada mes de agosto para reunir y dar la bienvenida a los alumnos nuevos y a los que regresan, as\u00ed como a sus familias.<\/p>\n<h3>Para los padres<\/h3>\n<p>Los padres del PC se implican apoyando a sus alumnos, profesores y personal. Los padres pueden ofrecerse como voluntarios para ayudar en las fiestas de la clase o en las excursiones. Pueden ayudar a organizar un carnaval o una feria de salud. Pueden ayudar a los profesores y al personal haciendo copias para la clase.<\/p>\n<h3>Para profesores y personal<\/h3>\n<p>Los profesores y el personal pueden participar ayudando a planificar actos que fomenten la educaci\u00f3n de los alumnos. Estos pueden incluir talleres, tutor\u00edas o noches familiares especiales (matem\u00e1ticas, ciencias, lectura).<\/p>\n<h3>Para los estudiantes<\/h3>\n<p>Los alumnos se benefician de la implicaci\u00f3n y el apoyo de todos los adultos que participan en el CP. El CP apoya los objetivos educativos de la escuela, extendiendo as\u00ed esos objetivos a los alumnos.<\/p>\n<p><strong>El CP se re\u00fane el primer martes de cada mes a las 18.30 horas en el gimnasio de la escuela.<\/strong><\/p>\n<h3>\n\t\t\tFundada en 1955\t<\/h3>\n\t<p>St. Joseph Catholic School admits students of any gender, race, color or national and ethnic origin to all the rights, privileges, programs and activities generally accorded or made available to all students at the school. It does not discriminate on the basis of race, color, national and ethnic origin in administration of its educational policies, admission policies, scholarship and loan programs and athletic and other administered programs.<\/p>\n<p>Saint Joseph Catholic School | 600 St. Joseph Place, Wenatchee, WA. 98801 | <a href=\"tel:509-663-2644\">509-663-2644<\/a><\/p>\n<p>\u00a9 2020-2026 St. Joseph Catholic School<\/p>\n<p><a href=\"https:\/\/saintjosephcatholicschool.org\/sitemap\/\">Mapa del sitio<\/a><\/p>\n<p>Dise\u00f1ado por <a href=\"https:\/\/winningwebworks.com\">Winning Web Works<\/a><\/p>","protected":false},"excerpt":{"rendered":"<p>Home l School Life l Parent Club St. Joseph Catholic School Parent Club Meets: First Tuesday of the Month at 6:30p.m. \u00a0 \u00a0Location: School Gym Who We Are and What We Do: The St. Joseph Catholic School Parent Club is a non-profit organization whose membership includes all parents, legal guardians, and staff at the school.&hellip;<\/p>","protected":false},"author":1,"featured_media":0,"parent":0,"menu_order":0,"comment_status":"closed","ping_status":"closed","template":"","meta":{"_seopress_robots_primary_cat":"","_seopress_titles_title":"","_seopress_titles_desc":"","_seopress_robots_index":"","footnotes":""},"class_list":["post-42","page","type-page","status-publish","hentry"],"_links":{"self":[{"href":"https:\/\/saintjosephcatholicschool.org\/es\/wp-json\/wp\/v2\/pages\/42","targetHints":{"allow":["GET"]}}],"collection":[{"href":"https:\/\/saintjosephcatholicschool.org\/es\/wp-json\/wp\/v2\/pages"}],"about":[{"href":"https:\/\/saintjosephcatholicschool.org\/es\/wp-json\/wp\/v2\/types\/page"}],"author":[{"embeddable":true,"href":"https:\/\/saintjosephcatholicschool.org\/es\/wp-json\/wp\/v2\/users\/1"}],"replies":[{"embeddable":true,"href":"https:\/\/saintjosephcatholicschool.org\/es\/wp-json\/wp\/v2\/comments?post=42"}],"version-history":[{"count":20,"href":"https:\/\/saintjosephcatholicschool.org\/es\/wp-json\/wp\/v2\/pages\/42\/revisions"}],"predecessor-version":[{"id":4563,"href":"https:\/\/saintjosephcatholicschool.org\/es\/wp-json\/wp\/v2\/pages\/42\/revisions\/4563"}],"wp:attachment":[{"href":"https:\/\/saintjosephcatholicschool.org\/es\/wp-json\/wp\/v2\/media?parent=42"}],"curies":[{"name":"wp","href":"https:\/\/api.w.org\/{rel}","templated":true}]}}