{"id":37,"date":"2020-05-23T06:20:34","date_gmt":"2020-05-23T06:20:34","guid":{"rendered":"https:\/\/stjoseph.winningwebworks.com\/history\/"},"modified":"2024-01-29T10:03:31","modified_gmt":"2024-01-29T18:03:31","slug":"history","status":"publish","type":"page","link":"https:\/\/saintjosephcatholicschool.org\/es\/history\/","title":{"rendered":"Historia"},"content":{"rendered":"<a href=\"https:\/\/saintjosephcatholicschool.org\" target=\"_self\" itemprop=\"url\" rel=\"noopener\">\n\t\t\t\t<img loading=\"lazy\" decoding=\"async\" src=\"https:\/\/saintjosephcatholicschool.org\/wp-content\/uploads\/2020\/05\/StJosephBannerWhiteBird.jpg\" alt=\"St. Joseph Banner White Bird\" itemprop=\"image\" height=\"160\" width=\"680\" title=\"St. Joseph Banner White Bird\" onerror=\"this.style.display='none'\"  \/>\n\t\t\t\t<\/a>\n\t<p><a href=\"https:\/\/saintjosephcatholicschool.org\/\">Inicio<\/a> l <a href=\"https:\/\/saintjosephcatholicschool.org\/history\">Qui\u00e9nes somos<\/a> l Historia<\/p>\n<h1>\n\t\tHistoria de la Escuela Cat\u00f3lica San Jos\u00e9\n\t<\/h1>\n\t\t\t\t<img loading=\"lazy\" decoding=\"async\" src=\"https:\/\/saintjosephcatholicschool.org\/wp-content\/uploads\/2020\/05\/1955StJosephCatholicSchool.jpeg\" alt=\"1955 St. Joseph Catholic School\" itemprop=\"image\" height=\"281\" width=\"454\" title=\"1955 St. Joseph Catholic School\" onerror=\"this.style.display='none'\"  \/>\n\t\tInauguraci\u00f3n de la Escuela Cat\u00f3lica Saint Joseph 1955\n\t<p>St. Joseph Catholic School opened in 1955, after several years of planning, fundraising, and work by members of the St. Joseph Parish. The first principal and teachers at the school were Sisters from the order of the Sisters of Saint Joseph of Peace. Based on their belief, &#8220;Our charism of peace challenges us to prophetic risk so that God&#8217;s reign might be more fully realized,&#8221; the Sisters taught the students of St. Joseph Catholic School.<\/p>\n<p>Durante su primer a\u00f1o de funcionamiento, la escuela cat\u00f3lica St. Joseph atendi\u00f3 a alumnos de primero a cuarto curso y, en los dos a\u00f1os siguientes, se a\u00f1adieron a la escuela los cursos quinto y sexto. En 1960, la escuela construy\u00f3 una adici\u00f3n y se ampli\u00f3 a noveno grado. La escuela ofreci\u00f3 los grados primero a noveno hasta 1971, cuando se suprimieron los grados s\u00e9ptimo a noveno. En 1974, la escuela cat\u00f3lica St. Joseph a\u00f1adi\u00f3 el jard\u00edn de infancia. En 1984, el sexto grado fue eliminado para mantenerse en sinton\u00eda con el distrito escolar local; las escuelas en Wenatchee se estaban moviendo a la escuela media de ense\u00f1anza de los grados sexto a octavo. En 1986, las Hermanas de San Jos\u00e9 de la Paz abandonaron Wenatchee, dejando a la Escuela Cat\u00f3lica San Jos\u00e9 con personal no religioso por primera vez desde su apertura.\u00a0<\/p>\n<p>In 1990, The Missionary Daughters of the Most Pure Virgin Mary came to St. Joseph Parish. The Sisters began their service to the school in 1994, filling a need for more religious leadership and support in the community. The charism of the Missionary Daughters of the Most Pure Virgin Mary emphasizes, &#8220;&#8230;an awareness of God&#8217;s presence; Gospel values; the example of Our Lord Jesus Christ; the spiritual life; devotion to the Holy Spirit, to the Sacred Heart of Jesus, and to the Blessed Virgin Mary; faithfulness to the Church; self-discipline and self-determination; and, empathy and service to others.&#8221; This charism influences current practices at the parochial school. <\/p>\n<h3>\n\t\tFundada en 1955\n\t<\/h3>\n\t<p>Saint Joseph Catholic School | 600 St. Joseph Place, Wenatchee, WA. 98801 | <a href=\"tel:509-663-2644\">509-663-2644<\/a><\/p>\n<p>\u00a9 2020-2026 St. Joseph Catholic School<\/p>\n<p><a href=\"https:\/\/saintjosephcatholicschool.org\/sitemap\/\">Mapa del sitio<\/a><\/p>\n<p>Dise\u00f1ado por <a href=\"https:\/\/winningwebworks.com\">Winning Web Works<\/a><\/p>","protected":false},"excerpt":{"rendered":"<p>Home l About Us l History History of St. Joseph Catholic School Saint Joseph Catholic School 1955 Opening Day St. Joseph Catholic School opened in 1955, after several years of planning, fundraising, and work by members of the St. Joseph Parish. The first principal and teachers at the school were Sisters from the order of&hellip;<\/p>","protected":false},"author":1,"featured_media":0,"parent":0,"menu_order":0,"comment_status":"closed","ping_status":"closed","template":"","meta":{"_seopress_robots_primary_cat":"","_seopress_titles_title":"","_seopress_titles_desc":"","_seopress_robots_index":"","footnotes":""},"class_list":["post-37","page","type-page","status-publish","hentry"],"_links":{"self":[{"href":"https:\/\/saintjosephcatholicschool.org\/es\/wp-json\/wp\/v2\/pages\/37","targetHints":{"allow":["GET"]}}],"collection":[{"href":"https:\/\/saintjosephcatholicschool.org\/es\/wp-json\/wp\/v2\/pages"}],"about":[{"href":"https:\/\/saintjosephcatholicschool.org\/es\/wp-json\/wp\/v2\/types\/page"}],"author":[{"embeddable":true,"href":"https:\/\/saintjosephcatholicschool.org\/es\/wp-json\/wp\/v2\/users\/1"}],"replies":[{"embeddable":true,"href":"https:\/\/saintjosephcatholicschool.org\/es\/wp-json\/wp\/v2\/comments?post=37"}],"version-history":[{"count":29,"href":"https:\/\/saintjosephcatholicschool.org\/es\/wp-json\/wp\/v2\/pages\/37\/revisions"}],"predecessor-version":[{"id":3745,"href":"https:\/\/saintjosephcatholicschool.org\/es\/wp-json\/wp\/v2\/pages\/37\/revisions\/3745"}],"wp:attachment":[{"href":"https:\/\/saintjosephcatholicschool.org\/es\/wp-json\/wp\/v2\/media?parent=37"}],"curies":[{"name":"wp","href":"https:\/\/api.w.org\/{rel}","templated":true}]}}