{"id":2827,"date":"2023-05-10T16:03:02","date_gmt":"2023-05-10T23:03:02","guid":{"rendered":"https:\/\/saintjosephcatholicschool.org\/?page_id=2827"},"modified":"2025-06-25T12:37:31","modified_gmt":"2025-06-25T19:37:31","slug":"preschool","status":"publish","type":"page","link":"https:\/\/saintjosephcatholicschool.org\/es\/preschool\/","title":{"rendered":"Preschool"},"content":{"rendered":"<a href=\"https:\/\/saintjosephcatholicschool.org\"  target=\"_self\" itemprop=\"url\">\n\t\t\t\t<img decoding=\"async\" src=\"https:\/\/saintjosephcatholicschool.org\/wp-content\/uploads\/2020\/05\/StJosephBannerWhiteBird.jpg\" alt=\"St. Joseph Banner White Bird\" itemprop=\"image\" height=\"160\" width=\"680\" title=\"St. Joseph Banner White Bird\" onerror=\"this.style.display='none'\" loading='lazy' \/>\n\t\t\t\t<\/a>\n\t<p><a href=\"https:\/\/saintjosephcatholicschool.org\/\">Inicio<\/a>\u00a0l\u00a0<a href=\"https:\/\/saintjosephcatholicschool.org\/schoolyearcalendar\">Vida escolar<\/a> l Preescolar<\/p>\n<h1>\n\t\t\tPrograma preescolar de aprendizaje temprano\u00a0\t<\/h1>\n\t<p>Our experienced teacher, <a href=\"https:\/\/saintjosephcatholicschool.org\/faculty\/preschoolteacher\/#nelson\">Sra. Anne Nelson<\/a> provides a nurturing and stimulating environment that focuses on the social, emotional, and cognitive development of your little ones. Our team of educators is dedicated to providing your child with the best possible start to their academic journey by fostering a love for learning and instilling core values of kindness, respect, and responsibility. Give your child the gift of early learning by enrolling them in our preschool program and watch them flourish at St. Joseph Catholic School, Wenatchee!<\/p>\n<p><a href=\"https:\/\/saintjosephcatholicschool.org\/schedule-tour\/\">Programar visita<\/a><\/p>\n<p><a href=\"https:\/\/saintjosephcatholicschool.org\/tuition\/\">Ver la lista de precios<\/a><\/p>\n<p><a href=\"https:\/\/saintjosephcatholicschool.org\/tuition-assistance\/\">Ver ayudas a la matr\u00edcula<\/a><\/p>\n<p><a href=\"https:\/\/saintjosephcatholicschool.org\/registration\/\">Solicitar hoy<\/a><\/p>\n\t\t<iframe loading=\"lazy\" width=\"560\" height=\"315\" src=\"https:\/\/www.youtube.com\/embed\/tDI_k1se21c\" title=\"YouTube video player\" frameborder=\"0\" allow=\"accelerometer; autoplay; clipboard-write; encrypted-media; gyroscope; picture-in-picture; web-share\" allowfullscreen><\/iframe>\t\n<h1>\n\t\t\tPrograma de preescolar biling\u00fce de aprendizaje temprano\u00a0\t<\/h1>\n\t<p>\u00bfEst\u00e1 buscando un programa preescolar excepcional para preparar a su hijo para el jard\u00edn de infancia? No busque m\u00e1s <a href=\"&quot;https:\/\/www.facebook.com\/stjosephcatholicschoolwenatcheetarget=_blank\">Escuela Cat\u00f3lica St. Joseph, Wenatchee<\/a>! Our bilingual pre-kindergarten class is designed for students aged four and five years old, Monday to Thursday from 8:00am to 2:45pm, and Friday from 8:00am to 1:30pm. Our experienced teacher, <a href=\"https:\/\/saintjosephcatholicschool.org\/faculty\/preschoolteacher\/\">Sra. Socorro Cervantes<\/a>, y auxiliar de preescolar, <a href=\"https:\/\/saintjosephcatholicschool.org\/faculty\/preschoolteacher\/#prekindergartenaide\">Sra. Jackie Henken<\/a>Proporcionamos un entorno enriquecedor y estimulante en el que su hijo prosperar\u00e1 y crecer\u00e1.<\/p>\n<p>Why does Mrs. Cervantes love teaching four and five year olds? &#8220;I feel the need to introduce the learning experience to children by filling their magical minds with God&#8217;s love, joy, and the knowledge of being loved for who they are.&#8221;<\/p>\n<p>Don&#8217;t wait to enroll your child in this exciting environment where both English and Spanish are celebrated daily! Give your child the gift of a strong foundation for success in school and in life. <a href=\"https:\/\/saintjosephcatholicschool.org\/contact\/\">Contact us<\/a> to learn more and reserve your child&#8217;s spot as classes fill up quickly!<\/p>\n<p>Thank you for considering St. Joseph Catholic School as your child&#8217;s educational home.<\/p>\n<p><a href=\"https:\/\/saintjosephcatholicschool.org\/schedule-tour\/\">Programar visita<\/a><\/p>\n<p><a href=\"https:\/\/saintjosephcatholicschool.org\/tuition\/\">Ver la lista de precios<\/a><\/p>\n<p><a href=\"https:\/\/saintjosephcatholicschool.org\/tuition-assistance\/\">Ver ayudas a la matr\u00edcula<\/a><\/p>\n<p><a href=\"https:\/\/saintjosephcatholicschool.org\/registration\/\">Solicitar hoy<\/a><\/p>\n\t\t\t\t<img decoding=\"async\" src=\"https:\/\/saintjosephcatholicschool.org\/wp-content\/uploads\/2023\/05\/Socorro.jpg\" alt=\"Socorro\" itemprop=\"image\" height=\"1800\" width=\"1391\" title=\"Socorro\" onerror=\"this.style.display='none'\" loading='lazy' \/>\n\t\t<iframe loading=\"lazy\" width=\"560\" height=\"315\" src=\"https:\/\/www.youtube.com\/embed\/jddQXG19U_0\" title=\"YouTube video player\" frameborder=\"0\" allow=\"accelerometer; autoplay; clipboard-write; encrypted-media; gyroscope; picture-in-picture; web-share\" allowfullscreen><\/iframe>\t\n\t\t<iframe loading=\"lazy\" width=\"560\" height=\"315\" src=\"https:\/\/www.youtube.com\/embed\/GuaO4cvhRBk\" title=\"YouTube video player\" frameborder=\"0\" allow=\"accelerometer; autoplay; clipboard-write; encrypted-media; gyroscope; picture-in-picture; web-share\" allowfullscreen><\/iframe>\t\n<h3>\n\t\t\tFundada en 1955\t<\/h3>\n\t<p>St. Joseph Catholic School admits students of any gender, race, color or national and ethnic origin to all the rights, privileges, programs and activities generally accorded or made available to all students at the school. It does not discriminate on the basis of race, color, national and ethnic origin in administration of its educational policies, admission policies, scholarship and loan programs and athletic and other administered programs.<\/p>\n<p>Saint Joseph Catholic School | 600 St. Joseph Place, Wenatchee, WA. 98801 | <a href=\"tel:509-663-2644\">509-663-2644<\/a><\/p>\n<p>\u00a9 2020-2026 St. Joseph Catholic School<\/p>\n<p><a href=\"https:\/\/saintjosephcatholicschool.org\/sitemap\/\">Mapa del sitio<\/a><\/p>\n<p>Dise\u00f1ado por <a href=\"https:\/\/winningwebworks.com\">Winning Web Works<\/a><\/p>","protected":false},"excerpt":{"rendered":"<p>Home\u00a0l\u00a0School Life l Preschool Early Learning Preschool Program\u00a0 Our experienced teacher, Mrs. Anne Nelson provides a nurturing and stimulating environment that focuses on the social, emotional, and cognitive development of your little ones. Our team of educators is dedicated to providing your child with the best possible start to their academic journey by fostering a&hellip;<\/p>","protected":false},"author":1,"featured_media":0,"parent":0,"menu_order":1,"comment_status":"closed","ping_status":"closed","template":"","meta":{"_seopress_robots_primary_cat":"","_seopress_titles_title":"","_seopress_titles_desc":"","_seopress_robots_index":"","footnotes":""},"class_list":["post-2827","page","type-page","status-publish","hentry"],"_links":{"self":[{"href":"https:\/\/saintjosephcatholicschool.org\/es\/wp-json\/wp\/v2\/pages\/2827","targetHints":{"allow":["GET"]}}],"collection":[{"href":"https:\/\/saintjosephcatholicschool.org\/es\/wp-json\/wp\/v2\/pages"}],"about":[{"href":"https:\/\/saintjosephcatholicschool.org\/es\/wp-json\/wp\/v2\/types\/page"}],"author":[{"embeddable":true,"href":"https:\/\/saintjosephcatholicschool.org\/es\/wp-json\/wp\/v2\/users\/1"}],"replies":[{"embeddable":true,"href":"https:\/\/saintjosephcatholicschool.org\/es\/wp-json\/wp\/v2\/comments?post=2827"}],"version-history":[{"count":48,"href":"https:\/\/saintjosephcatholicschool.org\/es\/wp-json\/wp\/v2\/pages\/2827\/revisions"}],"predecessor-version":[{"id":4520,"href":"https:\/\/saintjosephcatholicschool.org\/es\/wp-json\/wp\/v2\/pages\/2827\/revisions\/4520"}],"wp:attachment":[{"href":"https:\/\/saintjosephcatholicschool.org\/es\/wp-json\/wp\/v2\/media?parent=2827"}],"curies":[{"name":"wp","href":"https:\/\/api.w.org\/{rel}","templated":true}]}}