{"id":2488,"date":"2023-03-16T12:27:43","date_gmt":"2023-03-16T19:27:43","guid":{"rendered":"https:\/\/saintjosephcatholicschool.org\/?page_id=2488"},"modified":"2025-06-28T15:29:56","modified_gmt":"2025-06-28T22:29:56","slug":"before-after-school-program","status":"publish","type":"page","link":"https:\/\/saintjosephcatholicschool.org\/es\/before-after-school-program\/","title":{"rendered":"Programa antes y despu\u00e9s de la escuela"},"content":{"rendered":"<a href=\"https:\/\/saintjosephcatholicschool.org\"  target=\"_self\" itemprop=\"url\">\n\t\t\t\t<img decoding=\"async\" src=\"https:\/\/saintjosephcatholicschool.org\/wp-content\/uploads\/2020\/05\/StJosephBannerWhiteBird.jpg\" alt=\"St. Joseph Banner White Bird\" itemprop=\"image\" height=\"160\" width=\"680\" title=\"St. Joseph Banner White Bird\" onerror=\"this.style.display='none'\" loading='lazy' \/>\n\t\t\t\t<\/a>\n\t\t\t\t<img decoding=\"async\" src=\"https:\/\/saintjosephcatholicschool.org\/wp-content\/plugins\/bb-plugin\/img\/pixel.png\" alt=\"\" itemprop=\"image\" onerror=\"this.style.display='none'\" loading='lazy' \/>\n\t<p><a href=\"https:\/\/saintjosephcatholicschool.org\/\">Inicio<\/a> l <a href=\"https:\/\/saintjosephcatholicschool.org\/schoolyearcalendar\">Vida escolar<\/a> l Programa antes y despu\u00e9s de la escuela<\/p>\n<h1>\n\t\t\tPrograma antes y despu\u00e9s de la escuela\t<\/h1>\n<h2>\n\t\t\tMisi\u00f3n\t<\/h2>\n\t<p>St. Joseph Catholic School&#8217;s Before and After School Program called St. Joseph Care Club (SJCC) was designed to meet the needs of its students (Full Day, Pre-K &#8211; 5th grade) and their working parents. The purpose of the St. Joseph Care Club program is to provide a child centered, safe, and happy environment. Each day we will offer homework time and recreation time. In addition, a variety of activities which include but are not limited to: arts and crafts, games, projects, and music.<\/p>\n<h2>\n\t\t\tFormulario de inscripci\u00f3n\t<\/h2>\n\t<p>The registration form must be filled out completely prior to your child&#8217;s first day attending aftercare and the information recorded on it should be kept current. Please notify the school secretary if there are any changes in business or personal information such as address or phone number during the school year.<\/p>\n<h2>\n\t\t\tCosto\t<\/h2>\n\t<p>El costo del programa es de $6.00 por hora para cada estudiante. Habr\u00e1 un cargo m\u00ednimo de $6.00 por d\u00eda. Debe realizar el pago por adelantado a trav\u00e9s del Portal para padres de FACTS.<\/p>\n\t\t\t\t<a href=\"https:\/\/online.factsmgt.com\/SignIn.aspx\"  target=\"_blank\" rel=\"noopener\"  itemprop=\"url\">\n\t\t\t\t<img decoding=\"async\" src=\"https:\/\/saintjosephcatholicschool.org\/wp-content\/uploads\/2020\/05\/FACTS-logo-color.png\" alt=\"FACTS\" itemprop=\"image\" height=\"91\" width=\"321\" title=\"FACTS-logo color\" onerror=\"this.style.display='none'\" loading='lazy' \/>\n\t\t\t\t<\/a>\n\t<strong>Recogida tarde:<\/strong> Si va a llegar tarde por alg\u00fan motivo, llame o haga arreglos alternativos. Los padres de los ni\u00f1os recogieron despu\u00e9s de las 5:30 p.m. Se le cobrar\u00e1 $1.00 por cada minuto despu\u00e9s de las 5:30 p.m.<br \/>\n<strong>N\u00famero de emergencia:<\/strong> <a href=\"tel:509-663-2644\">509-663-2644 <\/a>ext.100<br \/>\n<strong>Calendario:<\/strong> El programa solo funcionar\u00e1 los d\u00edas en que la escuela est\u00e9 en sesi\u00f3n, a menos que se notifique lo contrario.<br \/>\n<strong>Antes del horario escolar:<\/strong> 7:00 am hasta las 7:50 am<br \/>\n<strong>Entrega antes de la escuela: <\/strong>Los ni\u00f1os pueden entrar por la puerta oeste (estacionamiento trasero junto a la biblioteca).<br \/>\n<strong>Despu\u00e9s del horario escolar:<\/strong> 14:45 hasta las 17:30<br \/>\n<strong>Horario de salida temprana:<\/strong> 1:30 de la tarde. hasta las 17:30<br \/>\n<strong>Recogida despu\u00e9s de la escuela:<\/strong> Los ni\u00f1os deben ser recogidos en el gimnasio de la escuela o en la entrada de la puerta este (puerta azul del gimnasio), a menos que se indique lo contrario (si el gimnasio est\u00e1 en uso, el cuidado posterior ser\u00e1 en la biblioteca). Los ni\u00f1os deben ser recogidos del programa despu\u00e9s de clases por un padre o un adulto designado. Por motivos de seguridad, las fotograf\u00edas y la informaci\u00f3n de emergencia se mantienen archivadas.<br \/>\n<strong>Despido:<\/strong> Su hijo puede ser expulsado del programa por comportamientos inapropiados repetidos.<br \/>\n<strong>Medicamento:<\/strong> If the student requires rescue medications (Epi-pen, inhaler) it must be provided by the parent and carried in the student&#8217;s backpack along with the proper paperwork. Medication in the office is for backup only.<br \/>\n<strong>Supervisi\u00f3n:<\/strong> <strong>Ma\u00f1ana<\/strong>-Mary Ann Castro; <strong>Tarde<\/strong>-Delia Torres\n<h3>\n\t\t\t\u00a1Gracias por elegir la escuela cat\u00f3lica St. Joseph!\t<\/h3>\n\t\t\t<a href=\"https:\/\/saintjosephcatholicschool.org\/forms\/Before&#038;AfterSchool.pdf\" target=\"_blank\" rel=\"noopener\">\n\t\t\t\t\t\tBefore &#038; After School Program Signup\n\t\t\t\t\t<\/a>\n<h3>\n\t\t\tFundada en 1955\t<\/h3>\n\t<p>St. Joseph Catholic School admits students of any gender, race, color or national and ethnic origin to all the rights, privileges, programs and activities generally accorded or made available to all students at the school. It does not discriminate on the basis of race, color, national and ethnic origin in administration of its educational policies, admission policies, scholarship and loan programs and athletic and other administered programs.<\/p>\n<p>Saint Joseph Catholic School | 600 St. Joseph Place, Wenatchee, WA. 98801 | <a href=\"tel:509-663-2644\">509-663-2644<\/a><\/p>\n<p>\u00a9 2020-2026 St. Joseph Catholic School<\/p>\n<p><a href=\"https:\/\/saintjosephcatholicschool.org\/sitemap\/\">Mapa del sitio<\/a><\/p>\n<p>Dise\u00f1ado por <a href=\"https:\/\/winningwebworks.com\">Winning Web Works<\/a><\/p>","protected":false},"excerpt":{"rendered":"<p>Home l School Life l Before &amp; After School Program Before &#038; After School Program Mission St. Joseph Catholic School&#8217;s Before and After School Program called St. Joseph Care Club (SJCC) was designed to meet the needs of its students (Full Day, Pre-K &#8211; 5th grade) and their working parents. The purpose of the St.&hellip;<\/p>","protected":false},"author":1,"featured_media":0,"parent":0,"menu_order":0,"comment_status":"closed","ping_status":"closed","template":"","meta":{"_seopress_robots_primary_cat":"","_seopress_titles_title":"Before & After School Program l St. Joseph Catholic School","_seopress_titles_desc":"St. Joseph Catholic School's Before and After School Program was designed to meet the needs of its students and their working parents.","_seopress_robots_index":"","footnotes":""},"class_list":["post-2488","page","type-page","status-publish","hentry"],"_links":{"self":[{"href":"https:\/\/saintjosephcatholicschool.org\/es\/wp-json\/wp\/v2\/pages\/2488","targetHints":{"allow":["GET"]}}],"collection":[{"href":"https:\/\/saintjosephcatholicschool.org\/es\/wp-json\/wp\/v2\/pages"}],"about":[{"href":"https:\/\/saintjosephcatholicschool.org\/es\/wp-json\/wp\/v2\/types\/page"}],"author":[{"embeddable":true,"href":"https:\/\/saintjosephcatholicschool.org\/es\/wp-json\/wp\/v2\/users\/1"}],"replies":[{"embeddable":true,"href":"https:\/\/saintjosephcatholicschool.org\/es\/wp-json\/wp\/v2\/comments?post=2488"}],"version-history":[{"count":14,"href":"https:\/\/saintjosephcatholicschool.org\/es\/wp-json\/wp\/v2\/pages\/2488\/revisions"}],"predecessor-version":[{"id":4567,"href":"https:\/\/saintjosephcatholicschool.org\/es\/wp-json\/wp\/v2\/pages\/2488\/revisions\/4567"}],"wp:attachment":[{"href":"https:\/\/saintjosephcatholicschool.org\/es\/wp-json\/wp\/v2\/media?parent=2488"}],"curies":[{"name":"wp","href":"https:\/\/api.w.org\/{rel}","templated":true}]}}