{"id":2367,"date":"2023-03-12T15:24:53","date_gmt":"2023-03-12T22:24:53","guid":{"rendered":"https:\/\/saintjosephcatholicschool.org\/?page_id=2367"},"modified":"2025-06-28T15:22:27","modified_gmt":"2025-06-28T22:22:27","slug":"religion","status":"publish","type":"page","link":"https:\/\/saintjosephcatholicschool.org\/es\/religion\/","title":{"rendered":"Religi\u00f3n"},"content":{"rendered":"<a href=\"https:\/\/saintjosephcatholicschool.org\"  target=\"_self\" itemprop=\"url\">\n\t\t\t\t<img decoding=\"async\" src=\"https:\/\/saintjosephcatholicschool.org\/wp-content\/uploads\/2020\/05\/StJosephBannerWhiteBird.jpg\" alt=\"St. Joseph Banner White Bird\" itemprop=\"image\" height=\"160\" width=\"680\" title=\"St. Joseph Banner White Bird\" onerror=\"this.style.display='none'\" loading='lazy' \/>\n\t\t\t\t<\/a>\n\t<p><a href=\"https:\/\/saintjosephcatholicschool.org\/\">Inicio<\/a> l <a href=\"https:\/\/saintjosephcatholicschool.org\/prayer\">Fe<\/a> l Religion<\/p>\n<h1>\n\t\t\tReligi\u00f3n\t<\/h1>\n\t<p>At our school, we believe in providing a holistic education that nurtures not just a child&#8217;s intellect, but also their <strong>crecimiento espiritual<\/strong>. That&#8217;s why, in addition to <strong>oraci\u00f3n y celebraciones lit\u00fargicas<\/strong>, we have incorporated the <strong>Augustine Institute&#8217;s <em>Word of Life<\/em><\/strong>\u00a0recursos did\u00e1cticos en nuestro plan de estudios. Estos recursos no s\u00f3lo est\u00e1n aprobados por la <strong>USCCB<\/strong> y el <strong>Di\u00f3cesis de Yakima<\/strong>pero tambi\u00e9n est\u00e1n dise\u00f1ados para ayudar a nuestros estudiantes a explorar y profundizar en su comprensi\u00f3n de <strong>Fe cat\u00f3lica<\/strong> valores, ense\u00f1anzas y pr\u00e1cticas fundamentales. En <em><strong>Word of Life<\/strong><\/em>, nuestros alumnos descubrir\u00e1n la belleza de Catolicismo a trav\u00e9s de actividades atractivas, ejercicios de reflexi\u00f3n y discusiones significativas que fomentan una profunda conexi\u00f3n con Dios. Estamos encantados de ofrecer a nuestros estudiantes esta oportunidad enriquecedora y esperamos verlos crecer en su camino de fe.<\/p>\n<h3>\n\t\t\tFundada en 1955\t<\/h3>\n\t<p>St. Joseph Catholic School admits students of any gender, race, color or national and ethnic origin to all the rights, privileges, programs and activities generally accorded or made available to all students at the school. It does not discriminate on the basis of race, color, national and ethnic origin in administration of its educational policies, admission policies, scholarship and loan programs and athletic and other administered programs.<\/p>\n<p>Saint Joseph Catholic School | 600 St. Joseph Place, Wenatchee, WA. 98801 | <a href=\"tel:509-663-2644\">509-663-2644<\/a><\/p>\n<p>\u00a9 2020-2026 St. Joseph Catholic School<\/p>\n<p><a href=\"https:\/\/saintjosephcatholicschool.org\/sitemap\/\">Mapa del sitio<\/a><\/p>\n<p>Dise\u00f1ado por <a href=\"https:\/\/winningwebworks.com\">Winning Web Works<\/a><\/p>","protected":false},"excerpt":{"rendered":"<p>Home l Faith l Religion Religion At our school, we believe in providing a holistic education that nurtures not just a child&#8217;s intellect, but also their spiritual growth. That&#8217;s why, in addition to prayer and liturgical celebrations, we have incorporated the Augustine Institute&#8217;s Word of Life\u00a0teaching resources into our curriculum. These resources are not only&hellip;<\/p>","protected":false},"author":1,"featured_media":0,"parent":0,"menu_order":0,"comment_status":"closed","ping_status":"closed","template":"","meta":{"_seopress_robots_primary_cat":"","_seopress_titles_title":"","_seopress_titles_desc":"","_seopress_robots_index":"","footnotes":""},"class_list":["post-2367","page","type-page","status-publish","hentry"],"_links":{"self":[{"href":"https:\/\/saintjosephcatholicschool.org\/es\/wp-json\/wp\/v2\/pages\/2367","targetHints":{"allow":["GET"]}}],"collection":[{"href":"https:\/\/saintjosephcatholicschool.org\/es\/wp-json\/wp\/v2\/pages"}],"about":[{"href":"https:\/\/saintjosephcatholicschool.org\/es\/wp-json\/wp\/v2\/types\/page"}],"author":[{"embeddable":true,"href":"https:\/\/saintjosephcatholicschool.org\/es\/wp-json\/wp\/v2\/users\/1"}],"replies":[{"embeddable":true,"href":"https:\/\/saintjosephcatholicschool.org\/es\/wp-json\/wp\/v2\/comments?post=2367"}],"version-history":[{"count":4,"href":"https:\/\/saintjosephcatholicschool.org\/es\/wp-json\/wp\/v2\/pages\/2367\/revisions"}],"predecessor-version":[{"id":4562,"href":"https:\/\/saintjosephcatholicschool.org\/es\/wp-json\/wp\/v2\/pages\/2367\/revisions\/4562"}],"wp:attachment":[{"href":"https:\/\/saintjosephcatholicschool.org\/es\/wp-json\/wp\/v2\/media?parent=2367"}],"curies":[{"name":"wp","href":"https:\/\/api.w.org\/{rel}","templated":true}]}}