{"id":2360,"date":"2023-03-12T15:17:08","date_gmt":"2023-03-12T22:17:08","guid":{"rendered":"https:\/\/saintjosephcatholicschool.org\/?page_id=2360"},"modified":"2025-06-28T15:15:52","modified_gmt":"2025-06-28T22:15:52","slug":"school-mass","status":"publish","type":"page","link":"https:\/\/saintjosephcatholicschool.org\/es\/school-mass\/","title":{"rendered":"Misa escolar"},"content":{"rendered":"<a href=\"https:\/\/saintjosephcatholicschool.org\"  target=\"_self\" itemprop=\"url\">\n\t\t\t\t<img decoding=\"async\" src=\"https:\/\/saintjosephcatholicschool.org\/wp-content\/uploads\/2020\/05\/StJosephBannerWhiteBird.jpg\" alt=\"St. Joseph Banner White Bird\" itemprop=\"image\" height=\"160\" width=\"680\" title=\"St. Joseph Banner White Bird\" onerror=\"this.style.display='none'\" loading='lazy' \/>\n\t\t\t\t<\/a>\n\t<p><a href=\"https:\/\/saintjosephcatholicschool.org\/\">Inicio<\/a> l <a href=\"https:\/\/saintjosephcatholicschool.org\/prayer\">Fe<\/a> l Misa escolar<\/p>\n<h1>\n\t\t\tMisa escolar\t<\/h1>\n\t\t\t\t<img decoding=\"async\" src=\"https:\/\/saintjosephcatholicschool.org\/wp-content\/uploads\/2025\/06\/Church-kids.jpg\" alt=\"Church kids\" itemprop=\"image\" height=\"1522\" width=\"1235\" title=\"Church kids\" onerror=\"this.style.display='none'\" loading='lazy' \/>\n\t<p>We are thrilled to invite you to our weekly student-led school Mass, a vibrant and uplifting celebration of faith and community. Every Friday at 9:00 am, our honor choir students shine God&#8217;s light as they sing, serve at the altar, and proclaim the Word of God.<\/p>\n<p>Esta misa es una maravillosa oportunidad para que nuestros estudiantes de Pre-K a 5\u00ba grado se re\u00fanan en oraci\u00f3n y reflexi\u00f3n. Damos una calurosa bienvenida a los padres y familias a unirse a nosotros tambi\u00e9n, ya que creemos que la presencia y el apoyo de los seres queridos mejora la experiencia espiritual de nuestros j\u00f3venes.<\/p>\n<p>En nuestra Misa dirigida por alumnos, se pronuncia una homil\u00eda orientada a los ni\u00f1os, que conecta el mensaje del Evangelio con las experiencias cotidianas y la comprensi\u00f3n de nuestros alumnos. Esto garantiza que la misa no sea solo un ritual religioso, sino tambi\u00e9n una experiencia atractiva y significativa que resuena en los corazones y las mentes de nuestros j\u00f3venes.<\/p>\n<p>Te invitamos a formar parte de esta reuni\u00f3n especial, en la que nuestros alumnos nos gu\u00edan en el culto y nos inspiran con su entusiasmo y devoci\u00f3n. Juntos, abracemos el esp\u00edritu de comunidad y fe mientras nos reunimos para celebrar la belleza de nuestras creencias compartidas.<\/p>\n<p>Esperamos verte en nuestra pr\u00f3xima misa escolar dirigida por los alumnos.<\/p>\n<h3>\n\t\t\tFundada en 1955\t<\/h3>\n\t<p>St. Joseph Catholic School admits students of any gender, race, color or national and ethnic origin to all the rights, privileges, programs and activities generally accorded or made available to all students at the school. It does not discriminate on the basis of race, color, national and ethnic origin in administration of its educational policies, admission policies, scholarship and loan programs and athletic and other administered programs.<\/p>\n<p>Saint Joseph Catholic School | 600 St. Joseph Place, Wenatchee, WA. 98801 | <a href=\"tel:509-663-2644\">509-663-2644<\/a><\/p>\n<p>\u00a9 2020-2026 St. Joseph Catholic School<\/p>\n<p><a href=\"https:\/\/saintjosephcatholicschool.org\/sitemap\/\">Mapa del sitio<\/a><\/p>\n<p>Dise\u00f1ado por <a href=\"https:\/\/winningwebworks.com\">Winning Web Works<\/a><\/p>","protected":false},"excerpt":{"rendered":"<p>Home l Faith l School Mass School Mass We are thrilled to invite you to our weekly student-led school Mass, a vibrant and uplifting celebration of faith and community. Every Friday at 9:00 am, our honor choir students shine God&#8217;s light as they sing, serve at the altar, and proclaim the Word of God. This&hellip;<\/p>","protected":false},"author":1,"featured_media":0,"parent":0,"menu_order":0,"comment_status":"closed","ping_status":"closed","template":"","meta":{"_seopress_robots_primary_cat":"","_seopress_titles_title":"","_seopress_titles_desc":"","_seopress_robots_index":"","footnotes":""},"class_list":["post-2360","page","type-page","status-publish","hentry"],"_links":{"self":[{"href":"https:\/\/saintjosephcatholicschool.org\/es\/wp-json\/wp\/v2\/pages\/2360","targetHints":{"allow":["GET"]}}],"collection":[{"href":"https:\/\/saintjosephcatholicschool.org\/es\/wp-json\/wp\/v2\/pages"}],"about":[{"href":"https:\/\/saintjosephcatholicschool.org\/es\/wp-json\/wp\/v2\/types\/page"}],"author":[{"embeddable":true,"href":"https:\/\/saintjosephcatholicschool.org\/es\/wp-json\/wp\/v2\/users\/1"}],"replies":[{"embeddable":true,"href":"https:\/\/saintjosephcatholicschool.org\/es\/wp-json\/wp\/v2\/comments?post=2360"}],"version-history":[{"count":8,"href":"https:\/\/saintjosephcatholicschool.org\/es\/wp-json\/wp\/v2\/pages\/2360\/revisions"}],"predecessor-version":[{"id":4558,"href":"https:\/\/saintjosephcatholicschool.org\/es\/wp-json\/wp\/v2\/pages\/2360\/revisions\/4558"}],"wp:attachment":[{"href":"https:\/\/saintjosephcatholicschool.org\/es\/wp-json\/wp\/v2\/media?parent=2360"}],"curies":[{"name":"wp","href":"https:\/\/api.w.org\/{rel}","templated":true}]}}