{"id":2351,"date":"2023-03-12T09:07:31","date_gmt":"2023-03-12T16:07:31","guid":{"rendered":"https:\/\/saintjosephcatholicschool.org\/?page_id=2351"},"modified":"2025-06-26T14:02:51","modified_gmt":"2025-06-26T21:02:51","slug":"liturgical-celebrations","status":"publish","type":"page","link":"https:\/\/saintjosephcatholicschool.org\/es\/liturgical-celebrations\/","title":{"rendered":"Celebraciones lit\u00fargicas"},"content":{"rendered":"<a href=\"https:\/\/saintjosephcatholicschool.org\"  target=\"_self\" itemprop=\"url\">\n\t\t\t\t<img decoding=\"async\" src=\"https:\/\/saintjosephcatholicschool.org\/wp-content\/uploads\/2020\/05\/StJosephBannerWhiteBird.jpg\" alt=\"St. Joseph Banner White Bird\" itemprop=\"image\" height=\"160\" width=\"680\" title=\"St. Joseph Banner White Bird\" onerror=\"this.style.display='none'\" loading='lazy' \/>\n\t\t\t\t<\/a>\n\t<p><a href=\"https:\/\/saintjosephcatholicschool.org\/\">Inicio<\/a> l <a href=\"https:\/\/saintjosephcatholicschool.org\/prayer\">Fe<\/a> l Celebraciones lit\u00fargicas<\/p>\n<h1>\n\t\t\tCelebraciones lit\u00fargicas\t<\/h1>\n\t\t\t\t<img decoding=\"async\" src=\"https:\/\/saintjosephcatholicschool.org\/wp-content\/uploads\/2025\/06\/Mary.jpg\" alt=\"Mary\" itemprop=\"image\" height=\"1621\" width=\"1290\" title=\"Mary\" onerror=\"this.style.display='none'\" loading='lazy' \/>\n\t<p>A lo largo del a\u00f1o lit\u00fargico se celebran en el colegio fiestas especiales. Los alumnos de tercero y quinto estudian a los santos de su elecci\u00f3n y elaboran informes que se presentan en la reuni\u00f3n anual de la escuela. <strong>Santa Feria<\/strong>, y <strong>El Dia de Los Muertos<\/strong> ofrece un momento para honrar y recordar a los seres queridos que han fallecido. En <strong>Adviento<\/strong>, todos los d\u00edas, los alumnos y el personal se re\u00fanen para rezar, cantar y encender la vela de Adviento.  En diciembre, toda la escuela participa en una <strong>Programa de Navidad <\/strong>dirigida por nuestro director musical. La escuela celebra el comienzo de <strong>Cuaresma<\/strong> con <strong>Misa del Mi\u00e9rcoles de Ceniza<\/strong> en la iglesia, y los estudiantes promulgan <strong>V\u00eda Crucis,<\/strong> mediante siluetas, durante la Semana Santa. En <strong>Fiesta de nuestro patr\u00f3n San Jos\u00e9<\/strong> se celebra con oraciones, cantos y la bendici\u00f3n del pan, y honramos al <strong>Blessed Virgin Mary <\/strong>con <strong>Coronaci\u00f3n de mayo<\/strong>.<\/p>\n<h3>\n\t\t\tFundada en 1955\t<\/h3>\n\t<p>St. Joseph Catholic School admits students of any gender, race, color or national and ethnic origin to all the rights, privileges, programs and activities generally accorded or made available to all students at the school. It does not discriminate on the basis of race, color, national and ethnic origin in administration of its educational policies, admission policies, scholarship and loan programs and athletic and other administered programs.<\/p>\n<p>Saint Joseph Catholic School | 600 St. Joseph Place, Wenatchee, WA. 98801 | <a href=\"tel:509-663-2644\">509-663-2644<\/a><\/p>\n<p>\u00a9 2020-2026 St. Joseph Catholic School<\/p>\n<p><a href=\"https:\/\/saintjosephcatholicschool.org\/sitemap\/\">Mapa del sitio<\/a><\/p>\n<p>Dise\u00f1ado por <a href=\"https:\/\/winningwebworks.com\">Winning Web Works<\/a><\/p>","protected":false},"excerpt":{"rendered":"<p>Home l Faith l Liturgical Celebrations Liturgical Celebrations Special celebrations are observed at the school throughout the Liturgical Year. Third-fifth grade students study saints of their choosing and create reports that are presented at the annual school Saint Fair, and El Dia de Los Muertos offers a time to honor and remember loved ones who&hellip;<\/p>","protected":false},"author":1,"featured_media":0,"parent":0,"menu_order":0,"comment_status":"closed","ping_status":"closed","template":"","meta":{"_seopress_robots_primary_cat":"","_seopress_titles_title":"","_seopress_titles_desc":"","_seopress_robots_index":"","footnotes":""},"class_list":["post-2351","page","type-page","status-publish","hentry"],"_links":{"self":[{"href":"https:\/\/saintjosephcatholicschool.org\/es\/wp-json\/wp\/v2\/pages\/2351","targetHints":{"allow":["GET"]}}],"collection":[{"href":"https:\/\/saintjosephcatholicschool.org\/es\/wp-json\/wp\/v2\/pages"}],"about":[{"href":"https:\/\/saintjosephcatholicschool.org\/es\/wp-json\/wp\/v2\/types\/page"}],"author":[{"embeddable":true,"href":"https:\/\/saintjosephcatholicschool.org\/es\/wp-json\/wp\/v2\/users\/1"}],"replies":[{"embeddable":true,"href":"https:\/\/saintjosephcatholicschool.org\/es\/wp-json\/wp\/v2\/comments?post=2351"}],"version-history":[{"count":5,"href":"https:\/\/saintjosephcatholicschool.org\/es\/wp-json\/wp\/v2\/pages\/2351\/revisions"}],"predecessor-version":[{"id":4537,"href":"https:\/\/saintjosephcatholicschool.org\/es\/wp-json\/wp\/v2\/pages\/2351\/revisions\/4537"}],"wp:attachment":[{"href":"https:\/\/saintjosephcatholicschool.org\/es\/wp-json\/wp\/v2\/media?parent=2351"}],"curies":[{"name":"wp","href":"https:\/\/api.w.org\/{rel}","templated":true}]}}