{"id":16,"date":"2020-05-22T22:53:46","date_gmt":"2020-05-22T22:53:46","guid":{"rendered":"https:\/\/stjoseph.winningwebworks.com\/?page_id=16"},"modified":"2026-03-18T03:19:42","modified_gmt":"2026-03-18T10:19:42","slug":"home","status":"publish","type":"page","link":"https:\/\/saintjosephcatholicschool.org\/es\/","title":{"rendered":"Inicio"},"content":{"rendered":"<figure itemscope itemtype=\"https:\/\/schema.org\/ImageObject\">\n\t\t\t\t<a href=\"https:\/\/saintjosephcatholicschool.org\"  target=\"_self\" itemprop=\"url\">\n\t\t\t\t<img decoding=\"async\" src=\"https:\/\/saintjosephcatholicschool.org\/wp-content\/uploads\/2020\/05\/StJosephBannerWhiteBird.jpg\" alt=\"St. Joseph Banner White Bird\" height=\"160\" width=\"680\" title=\"St. Joseph Banner White Bird\" onerror=\"this.style.display='none'\" loading=\"lazy\" \/>\n\t\t\t\t<\/a>\n\t<\/figure>\n<figure itemscope itemtype=\"https:\/\/schema.org\/ImageObject\">\n\t\t\t\t<img decoding=\"async\" src=\"https:\/\/saintjosephcatholicschool.org\/wp-content\/uploads\/2023\/10\/SJCS-Logo-White-150x150.png\" alt=\"Logo\" height=\"150\" width=\"150\" title=\"Logo-White\" onerror=\"this.style.display='none'\" loading=\"lazy\" \/>\n\t<\/figure>\n<h2>\n\t\t\tNow Hiring!<br \/>2026-2027\t<\/h2>\n<ul>\n<li>Middle School ELA\/Social Studies Teacher<\/li>\n<li>Middle School Religion\/Social Studies Teacher\/Campus Ministry<\/li>\n<li>4th Grade Teacher<\/li>\n<\/ul>\n<p>509-663-2644<\/p>\n<p><a href=\"https:\/\/saintjosephcatholicschool.org\/employment\/\">M\u00e1s informaci\u00f3n<\/a><\/p>\n<strong>Step right up<\/strong> to St. Joseph Catholic School, a trusted educational institution with roots dating back to 1955. Our doors are open to students from preschool through eigth grade for the upcoming academic year. We welcome you to explore our campus and witness firsthand why our school consistently achieves top grades in Chelan County. At St. Joe&#8217;s, we prioritize faith, academic excellence, and community service to provide a comprehensive education that nurtures every aspect of a child&#8217;s development. Discover the transformative power of a St. Joe&#8217;s education.\n\t\t\t<a href=\"https:\/\/saintjosephcatholicschool.org\/registration\/\"  target=\"_self\">\n\t\t\t\t\t\t\tSolicitud de ingreso en la Escuela Cat\u00f3lica St. Joseph\n\t\t\t\t\t<\/a>\n<h2>\n\t\t\tFE\t<\/h2>\n\t<h2><strong>&#8220;The purpose of education is to discover, develop, and nurture the talents and abilities of each individual so that every person will be able to live a meaningful life.&#8221;<br \/>\n-St. Augustine<br \/>\n<\/strong><\/h2>\n<h2>\n\t\t\tEXCELENCIA\t<\/h2>\n<figure data-animation-delay=\"0\" data-animation-duration=\"2\" itemscope itemtype=\"https:\/\/schema.org\/ImageObject\">\n\t\t\t\t<img decoding=\"async\" src=\"https:\/\/saintjosephcatholicschool.org\/wp-content\/uploads\/2020\/05\/ST-JC_Spirit_Small.png\" alt=\"St. Joseph Catholic School Wenatchee Logo\" height=\"173\" width=\"175\" title=\"St. Joseph Catholic School Wenatchee Logo\" onerror=\"this.style.display='none'\" loading=\"lazy\" \/>\n\t<\/figure>\n<h2>\n\t\t\tSERVICIO\t<\/h2>\n<h2>\n\t\t\tTABL\u00d3N DE ANUNCIOS\t<\/h2>\n<h1>\n\t\t\tUna escuela centrada en Cristo\t<\/h1>\n<h2>\n\t\t\tBIENVENIDO A ST. JOSEPH CATHOLIC SCHOOL WENATCHEE\t<\/h2>\n\t\t<meta itemprop=\"name\" content=\"St. Joseph Catholic School\" \/><meta itemprop=\"uploadDate\" content=\"2023-02-23T00:00:00+00:00\" \/><meta itemprop=\"thumbnailUrl\" content=\"https:\/\/saintjosephcatholicschool.org\/wp-content\/uploads\/2021\/08\/5th-2nd-Guardian-Angels.jpg\" \/><meta itemprop=\"description\" content=\"St. Joseph Catholic School promotional video\" \/><meta itemprop=\"contentUrl\" content=\"https:\/\/saintjosephcatholicschool.org\" \/><meta itemprop=\"embedUrl\" content=\"https:\/\/www.youtube-nocookie.com\/embed\/_JPnleIkq_Y\" \/><iframe loading=\"lazy\" title=\"Schedule a Tour!\" width=\"500\" height=\"281\" src=\"https:\/\/www.youtube.com\/embed\/650nj5Eu3vA?feature=oembed\" frameborder=\"0\" allow=\"accelerometer; autoplay; clipboard-write; encrypted-media; gyroscope; picture-in-picture; web-share\" referrerpolicy=\"strict-origin-when-cross-origin\" allowfullscreen><\/iframe>\t\n<h2>\n\t\t\tLOGROS ESCOLARES\t<\/h2>\n<h4>\n\t\t\tSeg\u00fan el informe de la Western Catholic Education Association\t<\/h4>\n\t<ul>\n<li>La identidad cat\u00f3lica est\u00e1 presente en todos los aspectos de la escuela, incluidas las ofertas curriculares y cocurriculares.<\/li>\n<li>Se ofrecen a los alumnos y al personal oportunidades enriquecedoras de oraci\u00f3n, servicio y culto a lo largo de la jornada escolar y de los tiempos lit\u00fargicos para crecer en su fe cat\u00f3lica.<\/li>\n<li>La comunidad escolar adopta la creaci\u00f3n, aplicaci\u00f3n y evaluaci\u00f3n de las nuevas Expectativas de aprendizaje para toda la escuela.<\/li>\n<li>Esfuerzos centrados en ayudar a los pobres mediante proyectos de servicio en toda la escuela.<\/li>\n<li>Personal y administraci\u00f3n dedicados, solidarios y colaboradores, centrados en la mejora de la escuela y en aumentar el aprendizaje de los alumnos.<\/li>\n<li>La evaluaci\u00f3n del crecimiento de los alumnos se utiliza para realizar cambios curriculares, modificar la ense\u00f1anza y el aprendizaje, y proporcionar apoyo acad\u00e9mico adicional seg\u00fan sea necesario a trav\u00e9s de programas de intervenci\u00f3n.<\/li>\n<li>Las puntuaciones medias de las pruebas de lectura y uso de la lengua se sit\u00faan al nivel de las normas estatales y nacionales o por encima de ellas.<\/li>\n<\/ul>\n\t<blockquote><p class=\" translation-block\">\"Saint Joseph Catholic School es una comunidad de colaboraci\u00f3n comprometida con la mejora escolar y el crecimiento de los alumnos. \nLa administraci\u00f3n, el profesorado, la parroquia y los padres apoyan claramente <strong>la fe, la excelencia y el esp\u00edritu de servicio de todos los alumnos.<\/strong> La escuela tiene una clara comprensi\u00f3n tanto de las fortalezas como de las \u00e1reas de crecimiento como escuela diocesana y trabajar\u00e1 creativamente para continuar proporcionando una educaci\u00f3n cat\u00f3lica de calidad \u00fanica para sus estudiantes. Joseph es un lugar donde la identidad cat\u00f3lica impregna cada rinc\u00f3n del aula y a trav\u00e9s de todas las \u00e1reas curriculares. La comunidad de Wenatchee tiene la bendici\u00f3n de contar con este ministerio en su seno que aporta <strong>tradiciones s\u00f3lidas y duraderas&lt;\/strong a su <strong>juventud&lt;\/strong.&quot;<\/p>\n<p>&#8211;<a href=\"https:\/\/saintjosephcatholicschool.org\/accreditation-updates\/\">Informe de resultados de la WCEA<\/a><\/p>\n<\/blockquote>\n<h2>\n\t\t\tFE\t<\/h2>\n<h2>\n\t\t\tMISI\u00d3N\t<\/h2>\n\t<p>El <strong>Misi\u00f3n<\/strong> of St. Joseph Catholic School is to develop the <strong>whole child<\/strong> through an <strong>excellent education<\/strong> that is <strong>rooted in gospel values<\/strong> and the traditions of the\u00a0Catholic Church. We strive to <strong>work in partnership<\/strong> with committed families and parishes of North\u00a0Central Washington to form effective <strong>servant leaders<\/strong> and intentional <strong>disciples of Christ<\/strong>.<\/p>\n<h2>\n\t\t\tFILOSOF\u00cdA\t<\/h2>\n\tEl <strong>FILOSOF\u00cdA<\/strong> of St. Joseph Catholic School is consistent with the <strong>Catholic tradition<\/strong> of the <strong>gospel message<\/strong>. St. Joseph Catholic School is a <strong>community<\/strong> whose members help each other <strong>grow spiritually<\/strong>, <strong>intellectually<\/strong>, y <strong>socially<\/strong> in a caring atmosphere. The school acts in <strong>partnership with the parents<\/strong> as the first and primary <strong>educators of the children<\/strong>. Each child is treated with the <strong>dignity<\/strong> y <strong>importance<\/strong> <strong>bestowed<\/strong> upon him\/her by our <strong>Creator<\/strong>. While each child is <strong>valued as an individual<\/strong>, students are also taught the importance of being <strong>responsible<\/strong>, <strong>productive<\/strong>, <strong>caring members<\/strong> of the broader <strong>community<\/strong>.\n<h2>\n\t\t\tEXCELENCIA\t<\/h2>\n<figure itemscope itemtype=\"https:\/\/schema.org\/ImageObject\">\n\t\t\t\t<a href=\"https:\/\/ncea.org\/csw\"  target=\"_blank\" rel=\"noopener\"  itemprop=\"url\">\n\t\t\t\t<img decoding=\"async\" src=\"https:\/\/saintjosephcatholicschool.org\/wp-content\/uploads\/2023\/03\/DozenReasons.jpg\" alt=\"Dozen Reasons to Choose a Catholic School\" height=\"2400\" width=\"1855\" title=\"DozenReasons\" onerror=\"this.style.display='none'\" loading=\"lazy\" \/>\n\t\t\t\t<\/a>\n\t<\/figure>\n<h2>\n\t\t\tHISTORIA\t<\/h2>\n\t<p><strong>ST. JOSEPH CATHOLIC SCHOOL<\/strong> began serving the Wenatchee Valley and surrounding areas in 1955, when four sisters of St. Joseph of Peace instructed a total of 230 students in elementary school grades one through four as one of Wenatchee private schools&#8217; first private educational institutions.<\/p>\n\t\t\t<a href=\"https:\/\/saintjosephcatholicschool.org\/history\"  target=\"_self\">\n\t\t\t\t\t\tM\u00e1s informaci\u00f3n sobre nuestra historia\n\t\t\t\t\t<\/a>\n<h2>\n\t\t\tSERVICIO\t<\/h2>\n<h2>\n\t\t\tEXPECTATIVAS DE APRENDIZAJE PARA TODA LA ESCUELA (SLE)\t<\/h2>\n\t<h3><strong>Fe<\/strong><\/h3>\n<p>PARTICIPAR en <strong>Pr\u00e1cticas cat\u00f3licas<\/strong> y <strong>Oraciones<\/strong><\/p>\n<p>EXPOSICI\u00d3N <strong>Valores evang\u00e9licos<\/strong>, comportarse de forma amable, generosa y justa<\/p>\n<p>EXPRESS <strong>Amor<\/strong> for others, self, and all of God&#8217;s creation<\/p>\n\t<h3><strong>Excelencia<\/strong><\/h3>\n<p>PERSEVERAR para conseguirlo <strong>Personal <\/strong>y <strong>Objetivos acad\u00e9micos<\/strong><\/p>\n<p>ACEPTAR <strong>Responsabilidad <\/strong>y <strong>Resolver problemas<\/strong><\/p>\n<p>RESPETAR a los dem\u00e1s y mostrar <strong>Buena administraci\u00f3n<\/strong><\/p>\n\t<h3><strong>Servicio<\/strong><\/h3>\n<p>SERVIR <strong>Otros<\/strong><\/p>\n<p>DEMOSTRAR a <strong>Generoso<\/strong> esp\u00edritu<\/p>\n<p>PARTICIPAR en <strong>Proyectos de servicio<\/strong><\/p>\n<h2>\n\t\t\tThe Good News Quarterly Newsletter\t<\/h2>\n\t\t<figure itemscope itemtype=\"https:\/\/schema.org\/ImageObject\">\n\t\t\t\t<a href=\"https:\/\/myemail-api.constantcontact.com\/The-Good-News---Spring-2024.html?soid=1140109810368&#038;aid=5XPlmTilOu0\"  target=\"_blank\" rel=\"noopener\"  itemprop=\"url\">\n\t\t\t\t<img decoding=\"async\" src=\"https:\/\/saintjosephcatholicschool.org\/wp-content\/uploads\/2024\/01\/icon-of-dove-olive-branch-150x150.png\" alt=\"copyright Winning Web Works\" height=\"150\" width=\"150\" title=\"icon-of-dove-olive-branch\" onerror=\"this.style.display='none'\" loading=\"lazy\" \/>\n\t\t\t\t<\/a>\n\t<\/figure>\n<h3><a href=\"https:\/\/myemail-api.constantcontact.com\/The-Good-News---Spring-2024.html?soid=1140109810368&#038;aid=5XPlmTilOu0\" target=\"_blank\"  rel=\"noopener\">Spring 2024<\/a><\/h3>\t\n\t\t<figure itemscope itemtype=\"https:\/\/schema.org\/ImageObject\">\n\t\t\t\t<a href=\"https:\/\/myemail.constantcontact.com\/A-New-Year-Full-of-Good-News.html?soid=1140109810368&#038;aid=Gow2YJ1iKlM\"  target=\"_blank\" rel=\"noopener\"  itemprop=\"url\">\n\t\t\t\t<img decoding=\"async\" src=\"https:\/\/saintjosephcatholicschool.org\/wp-content\/uploads\/2024\/01\/icon-of-dove-olive-branch-150x150.png\" alt=\"copyright Winning Web Works\" height=\"150\" width=\"150\" title=\"icon-of-dove-olive-branch\" onerror=\"this.style.display='none'\" loading=\"lazy\" \/>\n\t\t\t\t<\/a>\n\t<\/figure>\n<h3><a href=\"https:\/\/myemail.constantcontact.com\/A-New-Year-Full-of-Good-News.html?soid=1140109810368&#038;aid=Gow2YJ1iKlM\" target=\"_blank\"  rel=\"noopener\">Winter 2023<\/a><\/h3>\t\n\t\t<figure itemscope itemtype=\"https:\/\/schema.org\/ImageObject\">\n\t\t\t\t<a href=\"https:\/\/myemail.constantcontact.com\/The-Good-News-from-St--Joseph-Catholic-School.html?soid=1140109810368&#038;aid=Ww5y30t8PY4\"  target=\"_blank\" rel=\"noopener\"  itemprop=\"url\">\n\t\t\t\t<img decoding=\"async\" src=\"https:\/\/saintjosephcatholicschool.org\/wp-content\/uploads\/2024\/01\/icon-of-dove-olive-branch-150x150.png\" alt=\"copyright Winning Web Works\" height=\"150\" width=\"150\" title=\"icon-of-dove-olive-branch\" onerror=\"this.style.display='none'\" loading=\"lazy\" \/>\n\t\t\t\t<\/a>\n\t<\/figure>\n<h3><a href=\"https:\/\/myemail.constantcontact.com\/The-Good-News-from-St--Joseph-Catholic-School.html?soid=1140109810368&#038;aid=Ww5y30t8PY4\" target=\"_blank\"  rel=\"noopener\">Fall 2023<\/a><\/h3>\t\n\t\t\t<a href=\"https:\/\/lp.constantcontactpages.com\/sl\/u6aJoki\"  target=\"_blank\" rel=\"noopener\">\n\t\t\t\t\t\tSign Up for Good News\n\t\t\t\t\t<\/a>\n<h2>\n\t\t\tSee What&#8217;s Happening!\t<\/h2>\n\t<!-- Place  tag where you want the feed to appear -->\n<a href=\"https:\/\/curator.io\" target=\"_blank\">Powered by Curator.io<\/a><!-- The Javascript can be moved to the end of the html page before the  tag -->\n<h3>\n\t\t\tFundada en 1955\t<\/h3>\n\t<p>St. Joseph Catholic School admits students of any gender, race, color or national and ethnic origin to all the rights, privileges, programs and activities generally accorded or made available to all students at the school. It does not discriminate on the basis of race, color, national and ethnic origin in administration of its educational policies, admission policies, scholarship and loan programs and athletic and other administered programs.<\/p>\n<p>Saint Joseph Catholic School | 600 St. Joseph Place, Wenatchee, WA. 98801 | <a href=\"tel:509-663-2644\">509-663-2644<\/a><\/p>\n<p>\u00a9 2020-2026 St. Joseph Catholic School<\/p>\n<p><a href=\"https:\/\/saintjosephcatholicschool.org\/sitemap\/\">Mapa del sitio<\/a><\/p>\n<p>Dise\u00f1ado por <a href=\"https:\/\/winningwebworks.com\">Winning Web Works<\/a><\/p>","protected":false},"excerpt":{"rendered":"<p>Now Hiring!2026-2027 Middle School ELA\/Social Studies Teacher Middle School Religion\/Social Studies Teacher\/Campus Ministry 4th Grade Teacher 509-663-2644 Learn More Step right up to St. Joseph Catholic School, a trusted educational institution with roots dating back to 1955. Our doors are open to students from preschool through eigth grade for the upcoming academic year. We welcome&hellip;<\/p>","protected":false},"author":1,"featured_media":1611,"parent":0,"menu_order":0,"comment_status":"closed","ping_status":"closed","template":"","meta":{"_seopress_robots_primary_cat":"","_seopress_titles_title":"St. Joseph Catholic School","_seopress_titles_desc":"The mission of St. Joseph Catholic School in Wenatchee is to use the knowledge of God\u2019s love to educate the whole child and achieve academic excellence.","_seopress_robots_index":"","footnotes":""},"class_list":["post-16","page","type-page","status-publish","has-post-thumbnail","hentry"],"_links":{"self":[{"href":"https:\/\/saintjosephcatholicschool.org\/es\/wp-json\/wp\/v2\/pages\/16","targetHints":{"allow":["GET"]}}],"collection":[{"href":"https:\/\/saintjosephcatholicschool.org\/es\/wp-json\/wp\/v2\/pages"}],"about":[{"href":"https:\/\/saintjosephcatholicschool.org\/es\/wp-json\/wp\/v2\/types\/page"}],"author":[{"embeddable":true,"href":"https:\/\/saintjosephcatholicschool.org\/es\/wp-json\/wp\/v2\/users\/1"}],"replies":[{"embeddable":true,"href":"https:\/\/saintjosephcatholicschool.org\/es\/wp-json\/wp\/v2\/comments?post=16"}],"version-history":[{"count":14,"href":"https:\/\/saintjosephcatholicschool.org\/es\/wp-json\/wp\/v2\/pages\/16\/revisions"}],"predecessor-version":[{"id":4707,"href":"https:\/\/saintjosephcatholicschool.org\/es\/wp-json\/wp\/v2\/pages\/16\/revisions\/4707"}],"wp:featuredmedia":[{"embeddable":true,"href":"https:\/\/saintjosephcatholicschool.org\/es\/wp-json\/wp\/v2\/media\/1611"}],"wp:attachment":[{"href":"https:\/\/saintjosephcatholicschool.org\/es\/wp-json\/wp\/v2\/media?parent=16"}],"curies":[{"name":"wp","href":"https:\/\/api.w.org\/{rel}","templated":true}]}}